{"id":3538,"date":"2024-06-14T18:52:27","date_gmt":"2024-06-14T18:52:27","guid":{"rendered":"https:\/\/promogolfball.com\/index.php\/produit\/titleist-velocity-photo-golf-balls\/"},"modified":"2025-09-18T16:58:14","modified_gmt":"2025-09-18T20:58:14","slug":"balles-de-golf-photo-titleist-velocity","status":"publish","type":"product","link":"https:\/\/promogolfball.com\/fr\/produit\/balles-de-golf-photo-titleist-velocity","title":{"rendered":"Balles de Golf Photo Titleist Velocity"},"content":{"rendered":"<h2 data-start=\"138\" data-end=\"205\"><strong data-start=\"141\" data-end=\"205\">Titleist Velocity \u2013 Distance explosive et trajectoire \u00e9lev\u00e9e<\/strong><\/h2>\n<p data-start=\"207\" data-end=\"453\">La <strong data-start=\"210\" data-end=\"222\">Velocity<\/strong> est con\u00e7ue pour offrir une <strong data-start=\"250\" data-end=\"270\">vitesse maximale<\/strong> et une <strong data-start=\"278\" data-end=\"309\">trajectoire haute et longue<\/strong>, id\u00e9ale pour les golfeurs recherchant plus de port\u00e9e sur chaque coup. Elle combine une construction optimis\u00e9e avec un toucher vif et r\u00e9actif.<\/p>\n<hr data-start=\"455\" data-end=\"458\" \/>\n<h3 data-start=\"460\" data-end=\"496\"><strong data-start=\"464\" data-end=\"496\">Pourquoi jouer la Velocity ?<\/strong><\/h3>\n<ul data-start=\"498\" data-end=\"1072\">\n<li data-start=\"498\" data-end=\"623\">\n<p data-start=\"500\" data-end=\"623\">\u2705 <strong data-start=\"502\" data-end=\"524\">Distance explosive<\/strong> : Le noyau LSX \u00e0 haute vitesse g\u00e9n\u00e8re une vitesse de balle maximale au driver et aux fers longs.<\/p>\n<\/li>\n<li data-start=\"624\" data-end=\"744\">\n<p data-start=\"626\" data-end=\"744\">\u2705 <strong data-start=\"628\" data-end=\"650\">Trajectoire \u00e9lev\u00e9e<\/strong> : Motif d\u2019alv\u00e9oles sph\u00e9riques t\u00e9tra\u00e9driques \u00e0 350 alv\u00e9oles, favorisant un vol long et haut.<\/p>\n<\/li>\n<li data-start=\"745\" data-end=\"873\">\n<p data-start=\"747\" data-end=\"873\">\u2705 <strong data-start=\"749\" data-end=\"779\">Effets r\u00e9duits au long jeu<\/strong> : Optimis\u00e9e pour moins de spin avec le driver, permettant plus de distance et de pr\u00e9cision.<\/p>\n<\/li>\n<li data-start=\"874\" data-end=\"987\">\n<p data-start=\"876\" data-end=\"987\">\u2705 <strong data-start=\"878\" data-end=\"893\">Toucher vif<\/strong> : Sensation r\u00e9active \u00e0 l\u2019impact, id\u00e9ale pour ceux qui privil\u00e9gient la vitesse et la port\u00e9e.<\/p>\n<\/li>\n<\/ul>\n","protected":false},"excerpt":{"rendered":"<p>Titleist Velocity \u2013 Distance explosive et trajectoire \u00e9lev\u00e9e La Velocity est con\u00e7ue pour offrir une vitesse maximale et une trajectoire&#8230;<\/p>\n","protected":false},"featured_media":17156,"template":"","meta":[],"product_brand":[],"product_cat":[92,123],"product_tag":[],"berocket_brand":[168],"class_list":{"0":"post-3538","1":"product","2":"type-product","3":"status-publish","4":"has-post-thumbnail","6":"product_cat-balles-de-golf-photos","7":"product_cat-produits-titleist","8":"berocket_brand-titleist","10":"first","11":"instock","12":"taxable","13":"shipping-taxable","14":"purchasable","15":"product-type-simple","16":"add-to-wishlist-after_add_to_cart"},"_links":{"self":[{"href":"https:\/\/promogolfball.com\/fr\/wp-json\/wp\/v2\/product\/3538","targetHints":{"allow":["GET"]}}],"collection":[{"href":"https:\/\/promogolfball.com\/fr\/wp-json\/wp\/v2\/product"}],"about":[{"href":"https:\/\/promogolfball.com\/fr\/wp-json\/wp\/v2\/types\/product"}],"version-history":[{"count":0,"href":"https:\/\/promogolfball.com\/fr\/wp-json\/wp\/v2\/product\/3538\/revisions"}],"wp:featuredmedia":[{"embeddable":true,"href":"https:\/\/promogolfball.com\/fr\/wp-json\/wp\/v2\/media\/17156"}],"wp:attachment":[{"href":"https:\/\/promogolfball.com\/fr\/wp-json\/wp\/v2\/media?parent=3538"}],"wp:term":[{"taxonomy":"product_brand","embeddable":true,"href":"https:\/\/promogolfball.com\/fr\/wp-json\/wp\/v2\/product_brand?post=3538"},{"taxonomy":"product_cat","embeddable":true,"href":"https:\/\/promogolfball.com\/fr\/wp-json\/wp\/v2\/product_cat?post=3538"},{"taxonomy":"product_tag","embeddable":true,"href":"https:\/\/promogolfball.com\/fr\/wp-json\/wp\/v2\/product_tag?post=3538"},{"taxonomy":"berocket_brand","embeddable":true,"href":"https:\/\/promogolfball.com\/fr\/wp-json\/wp\/v2\/berocket_brand?post=3538"}],"curies":[{"name":"wp","href":"https:\/\/api.w.org\/{rel}","templated":true}]}}