{"id":3209,"date":"2024-06-14T18:51:51","date_gmt":"2024-06-14T18:51:51","guid":{"rendered":"https:\/\/promogolfball.com\/index.php\/produit\/titleist-pro-v1-personalized-golf-balls\/"},"modified":"2026-01-25T17:53:05","modified_gmt":"2026-01-25T22:53:05","slug":"balles-de-golf-personnalisees-titleist-pro-v1","status":"publish","type":"product","link":"https:\/\/promogolfball.com\/fr\/produit\/balles-de-golf-personnalisees-titleist-pro-v1","title":{"rendered":"Balles de Golf Personnalis\u00e9es Titleist Pro V1"},"content":{"rendered":"<h3 data-start=\"111\" data-end=\"195\"><strong data-start=\"115\" data-end=\"195\">Titleist Pro V1 \u2013 La meilleure combinaison de vitesse, de spin et de toucher<\/strong><\/h3>\n<p data-start=\"197\" data-end=\"421\">La <strong data-start=\"200\" data-end=\"210\">Pro V1<\/strong> est la balle la plus jou\u00e9e au monde, et le choix num\u00e9ro un pour les golfeurs recherchant une <strong data-start=\"304\" data-end=\"328\">performance compl\u00e8te<\/strong> avec un <strong data-start=\"337\" data-end=\"354\">vol p\u00e9n\u00e9trant<\/strong>, un <strong data-start=\"359\" data-end=\"374\">touch\u00e9 doux<\/strong> et un <strong data-start=\"381\" data-end=\"420\">maximum de contr\u00f4le autour du green<\/strong>.<\/p>\n<h4 data-start=\"423\" data-end=\"462\"><strong data-start=\"428\" data-end=\"462\">Pourquoi vous allez l\u2019adorer :<\/strong><\/h4>\n<ul data-start=\"464\" data-end=\"1068\">\n<li data-start=\"464\" data-end=\"616\">\n<p data-start=\"466\" data-end=\"616\">\u2705 <strong data-start=\"468\" data-end=\"504\">Trajectoire p\u00e9n\u00e9trante et stable<\/strong> : Son design a\u00e9rodynamique exclusif assure un <strong data-start=\"551\" data-end=\"583\">vol de balle bas et constant<\/strong>, m\u00eame en conditions venteuses.<\/p>\n<\/li>\n<li data-start=\"617\" data-end=\"770\">\n<p data-start=\"619\" data-end=\"770\">\u2705 <strong data-start=\"621\" data-end=\"654\">Moins de spin sur le long jeu<\/strong> : Id\u00e9ale pour ceux qui souhaitent une <strong data-start=\"693\" data-end=\"767\">distance optimis\u00e9e avec un contr\u00f4le fiable au driver et aux longs fers<\/strong>.<\/p>\n<\/li>\n<li data-start=\"771\" data-end=\"906\">\n<p data-start=\"773\" data-end=\"906\">\u2705 <strong data-start=\"775\" data-end=\"808\">Effets maximis\u00e9s au petit jeu<\/strong> : Son enveloppe souple procure un <strong data-start=\"843\" data-end=\"864\">excellent mordant<\/strong> sur les coups d\u2019approche et les wedges.<\/p>\n<\/li>\n<li data-start=\"907\" data-end=\"1068\">\n<p data-start=\"909\" data-end=\"1068\">\u2705 <strong data-start=\"911\" data-end=\"932\">Toucher plus doux<\/strong> : Gr\u00e2ce \u00e0 son noyau \u00e0 gradient doux, la Pro V1 offre une <strong data-start=\"990\" data-end=\"1024\">sensation moelleuse \u00e0 l\u2019impact<\/strong>, pour un contr\u00f4le accru sur tous les coups.<\/p>\n<\/li>\n<\/ul>\n<h4 data-start=\"1070\" data-end=\"1105\"><strong data-start=\"1075\" data-end=\"1105\">Par rapport \u00e0 la Pro V1x :<\/strong><\/h4>\n<ul data-start=\"1107\" data-end=\"1223\">\n<li data-start=\"1107\" data-end=\"1140\">\n<p data-start=\"1109\" data-end=\"1140\">\ud83d\udd01 <strong data-start=\"1112\" data-end=\"1138\">Trajectoire plus basse<\/strong><\/p>\n<\/li>\n<li data-start=\"1141\" data-end=\"1172\">\n<p data-start=\"1143\" data-end=\"1172\">\ud83d\udd01 <strong data-start=\"1146\" data-end=\"1170\">Sensation plus douce<\/strong><\/p>\n<\/li>\n<li data-start=\"1173\" data-end=\"1223\">\n<p data-start=\"1175\" data-end=\"1223\">\ud83d\udd01 <strong data-start=\"1178\" data-end=\"1223\">Spin l\u00e9g\u00e8rement inf\u00e9rieur sur le long jeu<\/strong><\/p>\n<\/li>\n<\/ul>\n","protected":false},"excerpt":{"rendered":"<p>Titleist Pro V1 \u2013 La meilleure combinaison de vitesse, de spin et de toucher La Pro V1 est la balle&#8230;<\/p>\n","protected":false},"featured_media":17290,"template":"","meta":[],"product_brand":[],"product_cat":[91,123],"product_tag":[],"berocket_brand":[168],"class_list":{"0":"post-3209","1":"product","2":"type-product","3":"status-publish","4":"has-post-thumbnail","6":"product_cat-balles-de-golf-personnalisees","7":"product_cat-produits-titleist","8":"berocket_brand-titleist","10":"first","11":"instock","12":"taxable","13":"shipping-taxable","14":"purchasable","15":"product-type-simple","16":"add-to-wishlist-after_add_to_cart"},"_links":{"self":[{"href":"https:\/\/promogolfball.com\/fr\/wp-json\/wp\/v2\/product\/3209","targetHints":{"allow":["GET"]}}],"collection":[{"href":"https:\/\/promogolfball.com\/fr\/wp-json\/wp\/v2\/product"}],"about":[{"href":"https:\/\/promogolfball.com\/fr\/wp-json\/wp\/v2\/types\/product"}],"version-history":[{"count":0,"href":"https:\/\/promogolfball.com\/fr\/wp-json\/wp\/v2\/product\/3209\/revisions"}],"wp:featuredmedia":[{"embeddable":true,"href":"https:\/\/promogolfball.com\/fr\/wp-json\/wp\/v2\/media\/17290"}],"wp:attachment":[{"href":"https:\/\/promogolfball.com\/fr\/wp-json\/wp\/v2\/media?parent=3209"}],"wp:term":[{"taxonomy":"product_brand","embeddable":true,"href":"https:\/\/promogolfball.com\/fr\/wp-json\/wp\/v2\/product_brand?post=3209"},{"taxonomy":"product_cat","embeddable":true,"href":"https:\/\/promogolfball.com\/fr\/wp-json\/wp\/v2\/product_cat?post=3209"},{"taxonomy":"product_tag","embeddable":true,"href":"https:\/\/promogolfball.com\/fr\/wp-json\/wp\/v2\/product_tag?post=3209"},{"taxonomy":"berocket_brand","embeddable":true,"href":"https:\/\/promogolfball.com\/fr\/wp-json\/wp\/v2\/berocket_brand?post=3209"}],"curies":[{"name":"wp","href":"https:\/\/api.w.org\/{rel}","templated":true}]}}