{"id":2782,"date":"2024-06-14T18:51:00","date_gmt":"2024-06-14T18:51:00","guid":{"rendered":"https:\/\/promogolfball.com\/index.php\/produit\/taylormade-rbz-personalized-golf-balls\/"},"modified":"2026-01-14T14:48:32","modified_gmt":"2026-01-14T19:48:32","slug":"balles-golf-taylormade-rbz-speed-personnalisees","status":"publish","type":"product","link":"https:\/\/promogolfball.com\/fr\/produit\/balles-golf-taylormade-rbz-speed-personnalisees","title":{"rendered":"Balles de Golf Personnalis\u00e9es TaylorMade RBZ Speed"},"content":{"rendered":"<div class=\"m-section-header\">\n<p>Fumez la comp\u00e9tition en jouant avec les balles de golf souples TaylorMade RBZ. La RBZ la plus souple de TaylorMade est dot\u00e9 d&rsquo;un noyau Burner REACT\u2122 \u00e0 compression ultra-faible \u00e0 60 pour permettre un transfert d&rsquo;\u00e9nergie et des performances sup\u00e9rieurs. Une construction de couverture en Ionom\u00e8re am\u00e9liore la r\u00e9activit\u00e9 du jeu court pour un contr\u00f4le in\u00e9gal\u00e9 sur le vert. La construction en 2 pi\u00e8ces cr\u00e9e une distance maximale par rapport au tee tout en permettant une sensation de douceur et un contr\u00f4le autour du vert.<\/p>\n<p>CARACT\u00c9RISTIQUES<\/p>\n<\/div>\n<div class=\"m-section-header\">COMPRESSION FAIBLE 60 : Rev\u00eatement en ionom\u00e8re souple et noyau \u00e0 faible compression pour un toucher doux.<br \/>\nCOUVERCLE EN IONOM\u00c8RE DOUX : Con\u00e7u pour un toucher doux et un contr\u00f4le de jeu court.<br \/>\nREACT\u2122 CORE : con\u00e7u pour maintenir un transfert d&rsquo;\u00e9nergie pour une distance optimale.<br \/>\nCONSTRUCTION : 2 couches<br \/>\nMAT\u00c9RIAU DE COUVERTURE : Ionom\u00e8re souple<br \/>\nMOTIF DIMPLE : 342 Aero<br \/>\nVITESSE DE LA BALLE : Rapide<br \/>\nLANCEMENT : moyen<br \/>\nWEDGE SPIN : moyen<br \/>\nSENSATION : douce<br \/>\nCOMPRESSION : 60<\/div>\n","protected":false},"excerpt":{"rendered":"<p>Fumez la comp\u00e9tition en jouant avec les balles de golf souples TaylorMade RBZ. La RBZ la plus souple de TaylorMade&#8230;<\/p>\n","protected":false},"featured_media":17016,"template":"","meta":[],"product_brand":[],"product_cat":[91,127],"product_tag":[],"berocket_brand":[160],"class_list":{"0":"post-2782","1":"product","2":"type-product","3":"status-publish","4":"has-post-thumbnail","6":"product_cat-balles-de-golf-personnalisees","7":"product_cat-produits-taylormade","8":"berocket_brand-taylormade","10":"first","11":"instock","12":"taxable","13":"shipping-taxable","14":"purchasable","15":"product-type-simple","16":"add-to-wishlist-after_add_to_cart"},"_links":{"self":[{"href":"https:\/\/promogolfball.com\/fr\/wp-json\/wp\/v2\/product\/2782","targetHints":{"allow":["GET"]}}],"collection":[{"href":"https:\/\/promogolfball.com\/fr\/wp-json\/wp\/v2\/product"}],"about":[{"href":"https:\/\/promogolfball.com\/fr\/wp-json\/wp\/v2\/types\/product"}],"version-history":[{"count":0,"href":"https:\/\/promogolfball.com\/fr\/wp-json\/wp\/v2\/product\/2782\/revisions"}],"wp:featuredmedia":[{"embeddable":true,"href":"https:\/\/promogolfball.com\/fr\/wp-json\/wp\/v2\/media\/17016"}],"wp:attachment":[{"href":"https:\/\/promogolfball.com\/fr\/wp-json\/wp\/v2\/media?parent=2782"}],"wp:term":[{"taxonomy":"product_brand","embeddable":true,"href":"https:\/\/promogolfball.com\/fr\/wp-json\/wp\/v2\/product_brand?post=2782"},{"taxonomy":"product_cat","embeddable":true,"href":"https:\/\/promogolfball.com\/fr\/wp-json\/wp\/v2\/product_cat?post=2782"},{"taxonomy":"product_tag","embeddable":true,"href":"https:\/\/promogolfball.com\/fr\/wp-json\/wp\/v2\/product_tag?post=2782"},{"taxonomy":"berocket_brand","embeddable":true,"href":"https:\/\/promogolfball.com\/fr\/wp-json\/wp\/v2\/berocket_brand?post=2782"}],"curies":[{"name":"wp","href":"https:\/\/api.w.org\/{rel}","templated":true}]}}