{"id":2657,"date":"2024-06-14T18:50:47","date_gmt":"2024-06-14T18:50:47","guid":{"rendered":"https:\/\/promogolfball.com\/index.php\/produit\/taylormade-kalea-matte-peach-personalized-golf-balls\/"},"modified":"2025-09-19T17:53:25","modified_gmt":"2025-09-19T21:53:25","slug":"taylormade-kalea-matte-peach-personalized-golf-balls","status":"publish","type":"product","link":"https:\/\/promogolfball.com\/fr\/produit\/taylormade-kalea-matte-peach-personalized-golf-balls","title":{"rendered":"TaylorMade Kalea Matte Peach Personalized Golf Balls"},"content":{"rendered":"<div class=\"tw-mb-6 tw-text-center\">\n<p>Chaque golfeur m\u00e9rite une balle con\u00e7ue pour correspondre \u00e0 son jeu. Kalea est con\u00e7u pour les golfeuses et con\u00e7u pour favoriser une plus grande portance et plus de distance tout en conservant une sensation de douceur.<\/p>\n<\/div>\n<div class=\"tw-mb-6 tw-text-center\">\n<div class=\"md:tw-order-1 tw-w-full md:tw-w-1\/2 tw-flex tw-items-center tw-justify-center tw-px-3 tw-py-10\">\n<div class=\"md:tw-max-w-lg md:tw-px-4\">\n<h3 class=\"tw-mb-6 tw-block tw-leading-none tw-text-center\">CON\u00c7U POUR LA DISTANCE<\/h3>\n<div class=\"tw-mb-6 tw-text-center\">\n<p>Le noyau REACT\u2122 \u00e0 haute \u00e9nergie est con\u00e7u pour offrir une distance maximale hors du tee. Il est con\u00e7u pour retenir l&rsquo;\u00e9nergie et fonctionne en conjonction avec la construction \u00e0 deux couches pour fournir un lancement optimal du bois de d\u00e9part \u00e0 des vitesses de swing mod\u00e9r\u00e9es. Un motif a\u00e9rodynamique \u00e0 342 alv\u00e9oles aide \u00e0 maintenir la portance pour favoriser une distance suppl\u00e9mentaire.<\/p>\n<\/div>\n<\/div>\n<\/div>\n<p>&nbsp;<\/p>\n<div class=\"tw-mb-6 tw-text-center\">\n<div class=\"tw-w-full md:tw-w-1\/2 tw-flex tw-items-center tw-justify-center tw-px-3 tw-py-10\">\n<div class=\"md:tw-max-w-lg md:tw-px-4\">\n<h3 class=\"tw-mb-6 tw-block tw-leading-none tw-text-center\">Toucher doux et rotation au bord du vert<\/h3>\n<div class=\"tw-mb-6 tw-text-center\">\n<p>Le rev\u00eatement ionom\u00e8re avec un noyau extra-large g\u00e9n\u00e8re une compression douce de 60 pour une sensation am\u00e9lior\u00e9e et des performances de jeu court r\u00e9actives. La peinture matte r\u00e9sistante aux UV des mod\u00e8les Peach et Purple offre une visibilit\u00e9 accrue et une esth\u00e9tique unique.<\/p>\n<\/div>\n<\/div>\n<\/div>\n<\/div>\n<\/div>\n","protected":false},"excerpt":{"rendered":"<p>Chaque golfeur m\u00e9rite une balle con\u00e7ue pour correspondre \u00e0 son jeu. Kalea est con\u00e7u pour les golfeuses et con\u00e7u pour&#8230;<\/p>\n","protected":false},"featured_media":2781,"template":"","meta":[],"product_brand":[],"product_cat":[91,127],"product_tag":[],"berocket_brand":[160],"class_list":{"0":"post-2657","1":"product","2":"type-product","3":"status-publish","4":"has-post-thumbnail","6":"product_cat-balles-de-golf-personnalisees","7":"product_cat-produits-taylormade","8":"berocket_brand-taylormade","10":"first","11":"instock","12":"taxable","13":"shipping-taxable","14":"purchasable","15":"product-type-simple","16":"add-to-wishlist-after_add_to_cart"},"_links":{"self":[{"href":"https:\/\/promogolfball.com\/fr\/wp-json\/wp\/v2\/product\/2657","targetHints":{"allow":["GET"]}}],"collection":[{"href":"https:\/\/promogolfball.com\/fr\/wp-json\/wp\/v2\/product"}],"about":[{"href":"https:\/\/promogolfball.com\/fr\/wp-json\/wp\/v2\/types\/product"}],"version-history":[{"count":0,"href":"https:\/\/promogolfball.com\/fr\/wp-json\/wp\/v2\/product\/2657\/revisions"}],"wp:featuredmedia":[{"embeddable":true,"href":"https:\/\/promogolfball.com\/fr\/wp-json\/wp\/v2\/media\/2781"}],"wp:attachment":[{"href":"https:\/\/promogolfball.com\/fr\/wp-json\/wp\/v2\/media?parent=2657"}],"wp:term":[{"taxonomy":"product_brand","embeddable":true,"href":"https:\/\/promogolfball.com\/fr\/wp-json\/wp\/v2\/product_brand?post=2657"},{"taxonomy":"product_cat","embeddable":true,"href":"https:\/\/promogolfball.com\/fr\/wp-json\/wp\/v2\/product_cat?post=2657"},{"taxonomy":"product_tag","embeddable":true,"href":"https:\/\/promogolfball.com\/fr\/wp-json\/wp\/v2\/product_tag?post=2657"},{"taxonomy":"berocket_brand","embeddable":true,"href":"https:\/\/promogolfball.com\/fr\/wp-json\/wp\/v2\/berocket_brand?post=2657"}],"curies":[{"name":"wp","href":"https:\/\/api.w.org\/{rel}","templated":true}]}}