{"id":2561,"date":"2024-06-14T18:50:37","date_gmt":"2024-06-14T18:50:37","guid":{"rendered":"https:\/\/promogolfball.com\/index.php\/produit\/taylormade-distance-logo-golf-balls\/"},"modified":"2026-04-10T15:12:19","modified_gmt":"2026-04-10T19:12:19","slug":"taylormade-distance-logo-golf-balls","status":"publish","type":"product","link":"https:\/\/promogolfball.com\/fr\/produit\/taylormade-distance-logo-golf-balls","title":{"rendered":"Balles de golf avec logo TaylorMade Distance+"},"content":{"rendered":"<div class=\"m-section-header\">Con\u00e7u pour la vitesse. Distance+ offre des performances \u00e0 haute v\u00e9locit\u00e9 pour la distance sur tous les coups. Combinant un REACT\u2122 Speed \u200b\u200bCore et un a\u00e9rodynamisme \u00e0 haute vitesse et \u00e0 faible tra\u00een\u00e9e, les golfeurs d\u00e9couvriront une balle de golf con\u00e7ue pour la vitesse.<\/div>\n<h3 class=\"m-section-header\">Caract\u00e9ristiques :<\/h3>\n<div class=\"m-section-header\">Sensation douce &amp; Distance<br \/>\nDistance+ offre une sensation ultra douce avec une construction en deux pi\u00e8ces et une compression de 77, con\u00e7ue pour maximiser votre vitesse de balle.NOUVEAU Plus une aide \u00e0 l&rsquo;alignement<br \/>\nCes deux principes fondamentaux vous aideront \u00e0 drainer plus de putts. 1) Assurez-vous que vous visez votre ligne. 2) Faites rouler la balle sur cette ligne pr\u00e9vue. La nouvelle aide \u00e0 l&rsquo;alignement Plus vous aide \u00e0 \u00eatre meilleur dans les deux cas.Motif de fossettes a\u00e9rodynamiques<br \/>\nUn motif a\u00e9rodynamique \u00e0 342 alv\u00e9oles est con\u00e7u pour r\u00e9duire la tra\u00een\u00e9e et favoriser des vitesses de balle rapides depuis le tee.TECHNOLOGIE<br data-mce=\"\" \/>Plus aide \u00e0 l&rsquo;alignement<br \/>\nUne nouvelle aide \u00e0 l&rsquo;alignement facile \u00e0 utiliser est int\u00e9gr\u00e9e directement dans le tampon lat\u00e9ral Distance+, vous aidant \u00e0 aligner les putts tout en fournissant des informations sur la fa\u00e7on dont vous faites rouler la balle de golf.Noyau REACT avec construction en deux pi\u00e8ces<br \/>\nA Le noyau soft REACT\u2122 est con\u00e7u pour une compression et une distance faciles hors du tee. L&rsquo;associer \u00e0 une construction en deux pi\u00e8ces contribue \u00e0 la sensation globale de douceur pour laquelle Distance+ est connu.Housse en ionom\u00e8re<br data-mce=\"\" \/>Une couverture ionom\u00e8re souple augmente la sensation au bord du vert, mais permet \u00e9galement d&rsquo;am\u00e9liorer la r\u00e9sistance aux \u00e9raflures, au cisaillement et la durabilit\u00e9 globale.<\/p>\n<\/div>\n","protected":false},"excerpt":{"rendered":"<p>Con\u00e7u pour la vitesse. Distance+ offre des performances \u00e0 haute v\u00e9locit\u00e9 pour la distance sur tous les coups. Combinant un&#8230;<\/p>\n","protected":false},"featured_media":17360,"template":"","meta":[],"product_brand":[],"product_cat":[89,127],"product_tag":[],"berocket_brand":[160],"class_list":{"0":"post-2561","1":"product","2":"type-product","3":"status-publish","4":"has-post-thumbnail","6":"product_cat-balles-de-golf-avec-logo","7":"product_cat-produits-taylormade","8":"berocket_brand-taylormade","10":"first","11":"instock","12":"taxable","13":"shipping-taxable","14":"purchasable","15":"product-type-simple","16":"add-to-wishlist-after_add_to_cart"},"_links":{"self":[{"href":"https:\/\/promogolfball.com\/fr\/wp-json\/wp\/v2\/product\/2561","targetHints":{"allow":["GET"]}}],"collection":[{"href":"https:\/\/promogolfball.com\/fr\/wp-json\/wp\/v2\/product"}],"about":[{"href":"https:\/\/promogolfball.com\/fr\/wp-json\/wp\/v2\/types\/product"}],"version-history":[{"count":0,"href":"https:\/\/promogolfball.com\/fr\/wp-json\/wp\/v2\/product\/2561\/revisions"}],"wp:featuredmedia":[{"embeddable":true,"href":"https:\/\/promogolfball.com\/fr\/wp-json\/wp\/v2\/media\/17360"}],"wp:attachment":[{"href":"https:\/\/promogolfball.com\/fr\/wp-json\/wp\/v2\/media?parent=2561"}],"wp:term":[{"taxonomy":"product_brand","embeddable":true,"href":"https:\/\/promogolfball.com\/fr\/wp-json\/wp\/v2\/product_brand?post=2561"},{"taxonomy":"product_cat","embeddable":true,"href":"https:\/\/promogolfball.com\/fr\/wp-json\/wp\/v2\/product_cat?post=2561"},{"taxonomy":"product_tag","embeddable":true,"href":"https:\/\/promogolfball.com\/fr\/wp-json\/wp\/v2\/product_tag?post=2561"},{"taxonomy":"berocket_brand","embeddable":true,"href":"https:\/\/promogolfball.com\/fr\/wp-json\/wp\/v2\/berocket_brand?post=2561"}],"curies":[{"name":"wp","href":"https:\/\/api.w.org\/{rel}","templated":true}]}}