{"id":2498,"date":"2024-06-14T18:50:30","date_gmt":"2024-06-14T18:50:30","guid":{"rendered":"https:\/\/promogolfball.com\/index.php\/produit\/srixon-z-star-xv-logo-golf-balls\/"},"modified":"2026-02-02T16:27:30","modified_gmt":"2026-02-02T21:27:30","slug":"srixon-z-star-xv-logo-golf-balls-gen-8","status":"publish","type":"product","link":"https:\/\/promogolfball.com\/fr\/produit\/srixon-z-star-xv-logo-golf-balls-gen-8","title":{"rendered":"Balles de golf avec logo Srixon Z-Star XV Gen 8"},"content":{"rendered":"<div class=\"tabs product-tabs-title\" data-scrollbar-slider=\"\" data-scrollbar=\"\" data-mce-fragment=\"1\"><span data-mce-fragment=\"1\">Z- STAR XV offre une vitesse de balle maximale pour une distance in\u00e9gal\u00e9e entre le driver et le fer. Sa construction haut de gamme en 3 pi\u00e8ces offre aux joueurs exp\u00e9riment\u00e9s des performances compl\u00e8tes sur le circuit, du tee au green.<\/span><\/div>\n<div class=\"tabs product-tabs-title\" data-scrollbar-slider=\"\" data-scrollbar=\"\" data-mce-fragment=\"1\">\n<h2 class=\"h3\">SP\u00c9CIFICATIONS<\/h2>\n<div class=\"rte-setting section--rte chevauchement__rte\">\n<p data-mce-fragment=\"1\"><strong data-mce-fragment=\"1\">VITESSE DE SWING :<\/strong> 100+ mph<\/p>\n<p data-mce-fragment=\"1\"><strong data-mce-fragment=\"1\">LANCEMENT : <\/strong>Moyen-Haut<\/p>\n<p data-mce-fragment=\"1\"><strong data-mce-fragment=\"1\">CONSTRUCTION : <\/strong>3PC<\/p>\n<p data-mce-fragment=\"1\"><strong data-mce-fragment=\"1\">MAT\u00c9RIAU DE COUVERTURE : <\/strong>Ur\u00e9thane<\/p>\n<p data-mce-fragment=\"1\"><strong data-mce-fragment=\"1\">\u00c9PAISSEUR DU COUVERCLE : <\/strong>0,5 mm<\/p>\n<p data-mce-fragment=\"1\"><strong data-mce-fragment=\"1\">COMPRESSION : <\/strong>102<\/p>\n<p data-mce-fragment=\"1\"><strong data-mce-fragment=\"1\">NOMBRE D&rsquo;ALV\u00c9OLES : <\/strong>338<\/p>\n<p>&nbsp;<\/p>\n<\/div>\n<\/div>\n","protected":false},"excerpt":{"rendered":"<p>Z- STAR XV offre une vitesse de balle maximale pour une distance in\u00e9gal\u00e9e entre le driver et le fer. Sa&#8230;<\/p>\n","protected":false},"featured_media":2623,"template":"","meta":[],"product_brand":[],"product_cat":[89,130],"product_tag":[],"berocket_brand":[165],"class_list":{"0":"post-2498","1":"product","2":"type-product","3":"status-publish","4":"has-post-thumbnail","6":"product_cat-balles-de-golf-avec-logo","7":"product_cat-produits-srixon","8":"berocket_brand-srixon","10":"first","11":"outofstock","12":"taxable","13":"shipping-taxable","14":"purchasable","15":"product-type-simple","16":"add-to-wishlist-after_add_to_cart"},"_links":{"self":[{"href":"https:\/\/promogolfball.com\/fr\/wp-json\/wp\/v2\/product\/2498","targetHints":{"allow":["GET"]}}],"collection":[{"href":"https:\/\/promogolfball.com\/fr\/wp-json\/wp\/v2\/product"}],"about":[{"href":"https:\/\/promogolfball.com\/fr\/wp-json\/wp\/v2\/types\/product"}],"version-history":[{"count":1,"href":"https:\/\/promogolfball.com\/fr\/wp-json\/wp\/v2\/product\/2498\/revisions"}],"predecessor-version":[{"id":17728,"href":"https:\/\/promogolfball.com\/fr\/wp-json\/wp\/v2\/product\/2498\/revisions\/17728"}],"wp:featuredmedia":[{"embeddable":true,"href":"https:\/\/promogolfball.com\/fr\/wp-json\/wp\/v2\/media\/2623"}],"wp:attachment":[{"href":"https:\/\/promogolfball.com\/fr\/wp-json\/wp\/v2\/media?parent=2498"}],"wp:term":[{"taxonomy":"product_brand","embeddable":true,"href":"https:\/\/promogolfball.com\/fr\/wp-json\/wp\/v2\/product_brand?post=2498"},{"taxonomy":"product_cat","embeddable":true,"href":"https:\/\/promogolfball.com\/fr\/wp-json\/wp\/v2\/product_cat?post=2498"},{"taxonomy":"product_tag","embeddable":true,"href":"https:\/\/promogolfball.com\/fr\/wp-json\/wp\/v2\/product_tag?post=2498"},{"taxonomy":"berocket_brand","embeddable":true,"href":"https:\/\/promogolfball.com\/fr\/wp-json\/wp\/v2\/berocket_brand?post=2498"}],"curies":[{"name":"wp","href":"https:\/\/api.w.org\/{rel}","templated":true}]}}