{"id":2277,"date":"2024-06-14T18:50:07","date_gmt":"2024-06-14T18:50:07","guid":{"rendered":"https:\/\/promogolfball.com\/index.php\/produit\/srixon-q-star-tour-personalized-golf-balls\/"},"modified":"2025-04-18T12:24:05","modified_gmt":"2025-04-18T16:24:05","slug":"srixon-q-star-tour-personalized-golf-balls","status":"publish","type":"product","link":"https:\/\/promogolfball.com\/fr\/produit\/srixon-q-star-tour-personalized-golf-balls","title":{"rendered":"Balles de golf personnalis\u00e9es Srixon Q-Star Tour"},"content":{"rendered":"<div class=\"tab-content tab-content-0 current\">\n<div class=\"tab-content__holder tab-content__holder--truncate\" data-truncated-holder=\"\">\n<div class=\"tab-content__inner\">\n<div class=\"tab-content__entry\" data-truncated-content=\"tab-content__entry--truncate\">Q-STAR TOUR a toutes les caract\u00e9ristiques que vous attendez d&rsquo;une balle de tour, mais sa faible compression est adapt\u00e9e \u00e0 votre vitesse de swing mod\u00e9r\u00e9e, avec la distance dont vous avez besoin pour devancer la concurrence et la rotation au bord du green pour la frapper pr\u00e8s des trous difficiles.<\/div>\n<\/div>\n<\/div>\n<\/div>\n","protected":false},"excerpt":{"rendered":"<p>Q-STAR TOUR a toutes les caract\u00e9ristiques que vous attendez d&rsquo;une balle de tour, mais sa faible compression est adapt\u00e9e \u00e0&#8230;<\/p>\n","protected":false},"featured_media":16706,"template":"","meta":[],"product_brand":[],"product_cat":[91,130],"product_tag":[],"berocket_brand":[165],"class_list":{"0":"post-2277","1":"product","2":"type-product","3":"status-publish","4":"has-post-thumbnail","6":"product_cat-balles-de-golf-personnalisees","7":"product_cat-produits-srixon","8":"berocket_brand-srixon","10":"first","11":"instock","12":"taxable","13":"shipping-taxable","14":"purchasable","15":"product-type-simple","16":"add-to-wishlist-after_add_to_cart"},"_links":{"self":[{"href":"https:\/\/promogolfball.com\/fr\/wp-json\/wp\/v2\/product\/2277","targetHints":{"allow":["GET"]}}],"collection":[{"href":"https:\/\/promogolfball.com\/fr\/wp-json\/wp\/v2\/product"}],"about":[{"href":"https:\/\/promogolfball.com\/fr\/wp-json\/wp\/v2\/types\/product"}],"version-history":[{"count":0,"href":"https:\/\/promogolfball.com\/fr\/wp-json\/wp\/v2\/product\/2277\/revisions"}],"wp:featuredmedia":[{"embeddable":true,"href":"https:\/\/promogolfball.com\/fr\/wp-json\/wp\/v2\/media\/16706"}],"wp:attachment":[{"href":"https:\/\/promogolfball.com\/fr\/wp-json\/wp\/v2\/media?parent=2277"}],"wp:term":[{"taxonomy":"product_brand","embeddable":true,"href":"https:\/\/promogolfball.com\/fr\/wp-json\/wp\/v2\/product_brand?post=2277"},{"taxonomy":"product_cat","embeddable":true,"href":"https:\/\/promogolfball.com\/fr\/wp-json\/wp\/v2\/product_cat?post=2277"},{"taxonomy":"product_tag","embeddable":true,"href":"https:\/\/promogolfball.com\/fr\/wp-json\/wp\/v2\/product_tag?post=2277"},{"taxonomy":"berocket_brand","embeddable":true,"href":"https:\/\/promogolfball.com\/fr\/wp-json\/wp\/v2\/berocket_brand?post=2277"}],"curies":[{"name":"wp","href":"https:\/\/api.w.org\/{rel}","templated":true}]}}