{"id":2092,"date":"2024-06-14T18:49:49","date_gmt":"2024-06-14T18:49:49","guid":{"rendered":"https:\/\/promogolfball.com\/index.php\/produit\/precept-lady-white-personalized-golf-balls\/"},"modified":"2026-01-14T14:07:16","modified_gmt":"2026-01-14T19:07:16","slug":"balles-de-golf-personnalisees-precept-lady-blanches","status":"publish","type":"product","link":"https:\/\/promogolfball.com\/fr\/produit\/balles-de-golf-personnalisees-precept-lady-blanches","title":{"rendered":"Balles de golf personnalis\u00e9es Precept Lady blanches"},"content":{"rendered":"<h2 data-start=\"107\" data-end=\"184\"><strong data-start=\"110\" data-end=\"182\">Bridgestone Lady Precept \u2013 Distance et douceur adapt\u00e9es aux joueuses<\/strong><\/h2>\n<p data-start=\"186\" data-end=\"509\">La <strong data-start=\"189\" data-end=\"205\">Lady Precept<\/strong> est con\u00e7ue sp\u00e9cifiquement pour les golfeuses qui recherchent une <strong data-start=\"271\" data-end=\"290\">sensation douce<\/strong>, une <strong data-start=\"296\" data-end=\"317\">distance optimale<\/strong> et une <strong data-start=\"325\" data-end=\"350\">trajectoire r\u00e9guli\u00e8re<\/strong>. Avec son noyau compress\u00e9 plus souple et son enveloppe r\u00e9active, elle favorise un vol plus haut et plus long, tout en offrant du contr\u00f4le autour des greens.<\/p>\n<hr data-start=\"511\" data-end=\"514\" \/>\n<h3 data-start=\"516\" data-end=\"558\"><strong data-start=\"520\" data-end=\"556\">Pourquoi jouer la Lady Precept ?<\/strong><\/h3>\n<ul data-start=\"560\" data-end=\"1117\">\n<li data-start=\"560\" data-end=\"703\">\n<p data-start=\"562\" data-end=\"703\">\u2705 <strong data-start=\"564\" data-end=\"591\">Compression plus faible<\/strong> : Un noyau plus souple qui favorise une sensation douce et plus de distance, m\u00eame \u00e0 vitesse de swing mod\u00e9r\u00e9e.<\/p>\n<\/li>\n<li data-start=\"704\" data-end=\"797\">\n<p data-start=\"706\" data-end=\"797\">\u2705 <strong data-start=\"708\" data-end=\"735\">Vol de balle plus \u00e9lev\u00e9<\/strong> : Con\u00e7u pour g\u00e9n\u00e9rer une trajectoire plus longue et stable.<\/p>\n<\/li>\n<li data-start=\"798\" data-end=\"898\">\n<p data-start=\"800\" data-end=\"898\">\u2705 <strong data-start=\"802\" data-end=\"830\">Distance impressionnante<\/strong> : Optimis\u00e9e pour maximiser la port\u00e9e sans sacrifier la pr\u00e9cision.<\/p>\n<\/li>\n<li data-start=\"899\" data-end=\"1007\">\n<p data-start=\"901\" data-end=\"1007\">\u2705 <strong data-start=\"903\" data-end=\"931\">Contr\u00f4le autour du green<\/strong> : Enveloppe durable qui permet un bon spin et une constance au petit jeu.<\/p>\n<\/li>\n<li data-start=\"1008\" data-end=\"1117\">\n<p data-start=\"1010\" data-end=\"1117\">\u2705 <strong data-start=\"1012\" data-end=\"1037\">Adapt\u00e9e aux golfeuses<\/strong> : D\u00e9velopp\u00e9e \u00e0 partir de donn\u00e9es et de tests sp\u00e9cifiques aux swings f\u00e9minins.<\/p>\n<\/li>\n<\/ul>\n","protected":false},"excerpt":{"rendered":"<p>Bridgestone Lady Precept \u2013 Distance et douceur adapt\u00e9es aux joueuses La Lady Precept est con\u00e7ue sp\u00e9cifiquement pour les golfeuses qui&#8230;<\/p>\n","protected":false},"featured_media":17366,"template":"","meta":[],"product_brand":[],"product_cat":[91,129,137],"product_tag":[],"berocket_brand":[157],"class_list":{"0":"post-2092","1":"product","2":"type-product","3":"status-publish","4":"has-post-thumbnail","6":"product_cat-balles-de-golf-personnalisees","7":"product_cat-produits-bridgestone","8":"product_cat-produits-femme","9":"berocket_brand-bridgestone","11":"first","12":"instock","13":"taxable","14":"shipping-taxable","15":"purchasable","16":"product-type-simple","17":"add-to-wishlist-after_add_to_cart"},"_links":{"self":[{"href":"https:\/\/promogolfball.com\/fr\/wp-json\/wp\/v2\/product\/2092","targetHints":{"allow":["GET"]}}],"collection":[{"href":"https:\/\/promogolfball.com\/fr\/wp-json\/wp\/v2\/product"}],"about":[{"href":"https:\/\/promogolfball.com\/fr\/wp-json\/wp\/v2\/types\/product"}],"version-history":[{"count":0,"href":"https:\/\/promogolfball.com\/fr\/wp-json\/wp\/v2\/product\/2092\/revisions"}],"wp:featuredmedia":[{"embeddable":true,"href":"https:\/\/promogolfball.com\/fr\/wp-json\/wp\/v2\/media\/17366"}],"wp:attachment":[{"href":"https:\/\/promogolfball.com\/fr\/wp-json\/wp\/v2\/media?parent=2092"}],"wp:term":[{"taxonomy":"product_brand","embeddable":true,"href":"https:\/\/promogolfball.com\/fr\/wp-json\/wp\/v2\/product_brand?post=2092"},{"taxonomy":"product_cat","embeddable":true,"href":"https:\/\/promogolfball.com\/fr\/wp-json\/wp\/v2\/product_cat?post=2092"},{"taxonomy":"product_tag","embeddable":true,"href":"https:\/\/promogolfball.com\/fr\/wp-json\/wp\/v2\/product_tag?post=2092"},{"taxonomy":"berocket_brand","embeddable":true,"href":"https:\/\/promogolfball.com\/fr\/wp-json\/wp\/v2\/berocket_brand?post=2092"}],"curies":[{"name":"wp","href":"https:\/\/api.w.org\/{rel}","templated":true}]}}