{"id":1997,"date":"2024-06-14T18:49:40","date_gmt":"2024-06-14T18:49:40","guid":{"rendered":"https:\/\/promogolfball.com\/index.php\/produit\/noodle-logo-golf-balls-15-pack\/"},"modified":"2025-04-27T10:29:01","modified_gmt":"2025-04-27T14:29:01","slug":"noodle-logo-golf-balls-15-pack","status":"publish","type":"product","link":"https:\/\/promogolfball.com\/fr\/produit\/noodle-logo-golf-balls-15-pack","title":{"rendered":"Balles de golf avec logo Noodle &#8211; Paquet de 15"},"content":{"rendered":"<ul class=\"a-unordered-list a-vertical a-spacing-none\" data-mce-fragment=\"1\">\n<li data-mce-fragment=\"1\"><span class=\"a-list-item\" data-mce-fragment=\"1\">Paquet de 15 balles.<\/span><\/li>\n<li data-mce-fragment=\"1\"><span class=\"a-list-item\" data-mce-fragment=\"1\"><span data-mce-fragment=\"1\">342 alv\u00e9oles a\u00e9rodynamiques favorisent un vol de balle plus vrai et plus stable et <\/span>le noyau de compression 34 ultra doux g\u00e9n\u00e8re une sensation am\u00e9lior\u00e9e sur tous les coups<\/span><\/li>\n<li data-mce-fragment=\"1\">La construction en 2 pi\u00e8ces allie sensation et performance.<\/li>\n<\/ul>\n","protected":false},"excerpt":{"rendered":"<p>Paquet de 15 balles. 342 alv\u00e9oles a\u00e9rodynamiques favorisent un vol de balle plus vrai et plus stable et le noyau&#8230;<\/p>\n","protected":false},"featured_media":2042,"template":"","meta":[],"product_brand":[],"product_cat":[89,127],"product_tag":[],"berocket_brand":[160],"class_list":{"0":"post-1997","1":"product","2":"type-product","3":"status-publish","4":"has-post-thumbnail","6":"product_cat-balles-de-golf-avec-logo","7":"product_cat-produits-taylormade","8":"berocket_brand-taylormade","10":"first","11":"instock","12":"taxable","13":"shipping-taxable","14":"purchasable","15":"product-type-simple","16":"add-to-wishlist-after_add_to_cart"},"_links":{"self":[{"href":"https:\/\/promogolfball.com\/fr\/wp-json\/wp\/v2\/product\/1997","targetHints":{"allow":["GET"]}}],"collection":[{"href":"https:\/\/promogolfball.com\/fr\/wp-json\/wp\/v2\/product"}],"about":[{"href":"https:\/\/promogolfball.com\/fr\/wp-json\/wp\/v2\/types\/product"}],"version-history":[{"count":0,"href":"https:\/\/promogolfball.com\/fr\/wp-json\/wp\/v2\/product\/1997\/revisions"}],"wp:featuredmedia":[{"embeddable":true,"href":"https:\/\/promogolfball.com\/fr\/wp-json\/wp\/v2\/media\/2042"}],"wp:attachment":[{"href":"https:\/\/promogolfball.com\/fr\/wp-json\/wp\/v2\/media?parent=1997"}],"wp:term":[{"taxonomy":"product_brand","embeddable":true,"href":"https:\/\/promogolfball.com\/fr\/wp-json\/wp\/v2\/product_brand?post=1997"},{"taxonomy":"product_cat","embeddable":true,"href":"https:\/\/promogolfball.com\/fr\/wp-json\/wp\/v2\/product_cat?post=1997"},{"taxonomy":"product_tag","embeddable":true,"href":"https:\/\/promogolfball.com\/fr\/wp-json\/wp\/v2\/product_tag?post=1997"},{"taxonomy":"berocket_brand","embeddable":true,"href":"https:\/\/promogolfball.com\/fr\/wp-json\/wp\/v2\/berocket_brand?post=1997"}],"curies":[{"name":"wp","href":"https:\/\/api.w.org\/{rel}","templated":true}]}}