{"id":1800,"date":"2024-06-14T18:49:22","date_gmt":"2024-06-14T18:49:22","guid":{"rendered":"https:\/\/promogolfball.com\/index.php\/produit\/callaway-chrome-softx-logo-golf-balls\/"},"modified":"2026-01-28T08:39:36","modified_gmt":"2026-01-28T13:39:36","slug":"balles-golf-logo-callaway-chrome-tour-x","status":"publish","type":"product","link":"https:\/\/promogolfball.com\/fr\/produit\/balles-golf-logo-callaway-chrome-tour-x","title":{"rendered":"Balles de golf avec logo Callaway Chrome Tour X"},"content":{"rendered":"<h3 class=\"\" data-start=\"148\" data-end=\"238\"><strong data-start=\"152\" data-end=\"238\">Callaway Chrome Tour X \u2013 Vitesse, contr\u00f4le et pr\u00e9cision pour les joueurs exigeants<\/strong><\/h3>\n<p class=\"\" data-start=\"240\" data-end=\"575\">Con\u00e7ue pour les golfeurs qui recherchent <strong data-start=\"281\" data-end=\"325\">des performances de niveau professionnel<\/strong>, la <strong data-start=\"330\" data-end=\"347\">Chrome Tour X<\/strong> offre une <strong data-start=\"358\" data-end=\"393\">vitesse de balle exceptionnelle<\/strong>, un <strong data-start=\"398\" data-end=\"416\">contr\u00f4le total<\/strong> et un <strong data-start=\"423\" data-end=\"457\">effet optimis\u00e9 autour du green<\/strong>. Sa construction avanc\u00e9e \u00e0 plusieurs couches assure des r\u00e9sultats constants sur chaque coup, du tee jusqu\u2019au drapeau.<\/p>\n<h4 class=\"\" data-start=\"577\" data-end=\"616\"><strong data-start=\"582\" data-end=\"616\">Pourquoi vous allez l\u2019adorer :<\/strong><\/h4>\n<ul data-start=\"618\" data-end=\"1204\">\n<li class=\"\" data-start=\"618\" data-end=\"758\">\n<p class=\"\" data-start=\"620\" data-end=\"758\">\u2705 <strong data-start=\"622\" data-end=\"652\">Vitesse de balle optimis\u00e9e<\/strong> : Son noyau SoftFast et son design multi-couches g\u00e9n\u00e8rent une <strong data-start=\"715\" data-end=\"736\">vitesse explosive<\/strong>, surtout au driver.<\/p>\n<\/li>\n<li class=\"\" data-start=\"759\" data-end=\"918\">\n<p class=\"\" data-start=\"761\" data-end=\"918\">\u2705 <strong data-start=\"763\" data-end=\"788\">Contr\u00f4le de pr\u00e9cision<\/strong> : Parfaite pour les golfeurs qui aiment fa\u00e7onner leurs coups avec un <strong data-start=\"858\" data-end=\"876\">effet ma\u00eetris\u00e9<\/strong> et une <strong data-start=\"884\" data-end=\"915\">trajectoire personnalisable<\/strong>.<\/p>\n<\/li>\n<li class=\"\" data-start=\"919\" data-end=\"1062\">\n<p class=\"\" data-start=\"921\" data-end=\"1062\">\u2705 <strong data-start=\"923\" data-end=\"953\">Spin \u00e9lev\u00e9 autour du green<\/strong> : Son enveloppe en ur\u00e9thane ultra-mince offre <strong data-start=\"1000\" data-end=\"1025\">un excellent contr\u00f4le<\/strong> sur les approches et le petit jeu.<\/p>\n<\/li>\n<li class=\"\" data-start=\"1063\" data-end=\"1204\">\n<p class=\"\" data-start=\"1065\" data-end=\"1204\">\u2705 <strong data-start=\"1067\" data-end=\"1096\">Vol constant et p\u00e9n\u00e9trant<\/strong> : Gr\u00e2ce \u00e0 l\u2019a\u00e9rodynamisme Tour Aero, vous obtenez une trajectoire <strong data-start=\"1163\" data-end=\"1187\">stable et pr\u00e9visible<\/strong> \u00e0 chaque frappe.<\/p>\n<\/li>\n<\/ul>\n<hr class=\"\" data-start=\"1206\" data-end=\"1209\" \/>\n<p class=\"\" data-start=\"1211\" data-end=\"1316\"><strong data-start=\"1211\" data-end=\"1228\">Chrome Tour X<\/strong> : La balle de golf haut de gamme pour ceux qui veulent <strong data-start=\"1284\" data-end=\"1315\">le summum de la performance<\/strong>.<\/p>\n","protected":false},"excerpt":{"rendered":"<p>Callaway Chrome Tour X \u2013 Vitesse, contr\u00f4le et pr\u00e9cision pour les joueurs exigeants Con\u00e7ue pour les golfeurs qui recherchent des&#8230;<\/p>\n","protected":false},"featured_media":17071,"template":"","meta":[],"product_brand":[],"product_cat":[89,172],"product_tag":[],"berocket_brand":[152],"class_list":{"0":"post-1800","1":"product","2":"type-product","3":"status-publish","4":"has-post-thumbnail","6":"product_cat-balles-de-golf-avec-logo","7":"product_cat-callaway","8":"berocket_brand-callaway","10":"first","11":"instock","12":"taxable","13":"shipping-taxable","14":"purchasable","15":"product-type-simple","16":"add-to-wishlist-after_add_to_cart"},"_links":{"self":[{"href":"https:\/\/promogolfball.com\/fr\/wp-json\/wp\/v2\/product\/1800","targetHints":{"allow":["GET"]}}],"collection":[{"href":"https:\/\/promogolfball.com\/fr\/wp-json\/wp\/v2\/product"}],"about":[{"href":"https:\/\/promogolfball.com\/fr\/wp-json\/wp\/v2\/types\/product"}],"version-history":[{"count":0,"href":"https:\/\/promogolfball.com\/fr\/wp-json\/wp\/v2\/product\/1800\/revisions"}],"wp:featuredmedia":[{"embeddable":true,"href":"https:\/\/promogolfball.com\/fr\/wp-json\/wp\/v2\/media\/17071"}],"wp:attachment":[{"href":"https:\/\/promogolfball.com\/fr\/wp-json\/wp\/v2\/media?parent=1800"}],"wp:term":[{"taxonomy":"product_brand","embeddable":true,"href":"https:\/\/promogolfball.com\/fr\/wp-json\/wp\/v2\/product_brand?post=1800"},{"taxonomy":"product_cat","embeddable":true,"href":"https:\/\/promogolfball.com\/fr\/wp-json\/wp\/v2\/product_cat?post=1800"},{"taxonomy":"product_tag","embeddable":true,"href":"https:\/\/promogolfball.com\/fr\/wp-json\/wp\/v2\/product_tag?post=1800"},{"taxonomy":"berocket_brand","embeddable":true,"href":"https:\/\/promogolfball.com\/fr\/wp-json\/wp\/v2\/berocket_brand?post=1800"}],"curies":[{"name":"wp","href":"https:\/\/api.w.org\/{rel}","templated":true}]}}