{"id":17852,"date":"2026-02-17T17:01:57","date_gmt":"2026-02-17T22:01:57","guid":{"rendered":"https:\/\/promogolfball.com\/?post_type=product&#038;p=17852"},"modified":"2026-02-17T17:04:00","modified_gmt":"2026-02-17T22:04:00","slug":"balles-de-golf-avec-logo-srixon-q-star-tour-6","status":"publish","type":"product","link":"https:\/\/promogolfball.com\/fr\/produit\/balles-de-golf-avec-logo-srixon-q-star-tour-6","title":{"rendered":"Balles de golf avec logo Srixon Q-Star Tour 6"},"content":{"rendered":"<div class=\"tab-content__entry\" data-truncated-content=\"tab-content__entry--truncate\">\n<h2 data-start=\"120\" data-end=\"198\"><strong data-start=\"123\" data-end=\"196\">Srixon Q-Star Tour 6 \u2013 Performance tour adapt\u00e9e aux vitesses mod\u00e9r\u00e9es<\/strong><\/h2>\n<p data-start=\"200\" data-end=\"526\">La <strong data-start=\"203\" data-end=\"227\">Srixon Q-Star Tour 6<\/strong> offre une <strong data-start=\"238\" data-end=\"268\">performance de niveau tour<\/strong> dans une balle optimis\u00e9e pour les <strong data-start=\"303\" data-end=\"333\">vitesses de swing mod\u00e9r\u00e9es<\/strong>. Avec sa construction multi-couches et son enveloppe en ur\u00e9thane, elle procure un <strong data-start=\"416\" data-end=\"456\">excellent contr\u00f4le autour des greens<\/strong>, une <strong data-start=\"462\" data-end=\"484\">distance puissante<\/strong> et une <strong data-start=\"492\" data-end=\"523\">sensation douce et r\u00e9active<\/strong>.<\/p>\n<hr data-start=\"528\" data-end=\"531\" \/>\n<h3 data-start=\"533\" data-end=\"576\"><strong data-start=\"537\" data-end=\"574\">Pourquoi jouer la Q-Star Tour 6 ?<\/strong><\/h3>\n<ul data-start=\"578\" data-end=\"1135\">\n<li data-start=\"578\" data-end=\"675\">\n<p data-start=\"580\" data-end=\"675\">\u2705 <strong data-start=\"582\" data-end=\"615\">Enveloppe en ur\u00e9thane premium<\/strong> : Offre un spin \u00e9lev\u00e9 et un contr\u00f4le pr\u00e9cis au petit jeu.<\/p>\n<\/li>\n<li data-start=\"676\" data-end=\"784\">\n<p data-start=\"678\" data-end=\"784\">\u2705 <strong data-start=\"680\" data-end=\"710\">Construction multi-couches<\/strong> : Optimise la vitesse de balle tout en conservant un excellent toucher.<\/p>\n<\/li>\n<li data-start=\"785\" data-end=\"905\">\n<p data-start=\"787\" data-end=\"905\">\u2705 <strong data-start=\"789\" data-end=\"819\">Technologie FastLayer Core<\/strong> : Noyau progressif qui maximise la distance tout en maintenant une sensation douce.<\/p>\n<\/li>\n<li data-start=\"906\" data-end=\"1021\">\n<p data-start=\"908\" data-end=\"1021\">\u2705 <strong data-start=\"910\" data-end=\"946\">Trajectoire stable et p\u00e9n\u00e9trante<\/strong> : Motif d\u2019alv\u00e9oles avanc\u00e9 pour un vol constant dans diverses conditions.<\/p>\n<\/li>\n<li data-start=\"1022\" data-end=\"1135\">\n<p data-start=\"1024\" data-end=\"1135\">\u2705 <strong data-start=\"1026\" data-end=\"1056\">Id\u00e9ale pour swings mod\u00e9r\u00e9s<\/strong> : Permet d\u2019obtenir des performances tour sans n\u00e9cessiter une vitesse \u00e9lev\u00e9e.<\/p>\n<\/li>\n<\/ul>\n<\/div>\n","protected":false},"excerpt":{"rendered":"<p>Srixon Q-Star Tour 6 \u2013 Performance tour adapt\u00e9e aux vitesses mod\u00e9r\u00e9es La Srixon Q-Star Tour 6 offre une performance de&#8230;<\/p>\n","protected":false},"featured_media":17830,"template":"","meta":[],"product_brand":[],"product_cat":[89,130],"product_tag":[],"berocket_brand":[165],"class_list":{"0":"post-17852","1":"product","2":"type-product","3":"status-publish","4":"has-post-thumbnail","6":"product_cat-balles-de-golf-avec-logo","7":"product_cat-produits-srixon","8":"berocket_brand-srixon","10":"first","11":"instock","12":"taxable","13":"shipping-taxable","14":"purchasable","15":"product-type-simple","16":"add-to-wishlist-after_add_to_cart"},"_links":{"self":[{"href":"https:\/\/promogolfball.com\/fr\/wp-json\/wp\/v2\/product\/17852","targetHints":{"allow":["GET"]}}],"collection":[{"href":"https:\/\/promogolfball.com\/fr\/wp-json\/wp\/v2\/product"}],"about":[{"href":"https:\/\/promogolfball.com\/fr\/wp-json\/wp\/v2\/types\/product"}],"version-history":[{"count":2,"href":"https:\/\/promogolfball.com\/fr\/wp-json\/wp\/v2\/product\/17852\/revisions"}],"predecessor-version":[{"id":17856,"href":"https:\/\/promogolfball.com\/fr\/wp-json\/wp\/v2\/product\/17852\/revisions\/17856"}],"wp:featuredmedia":[{"embeddable":true,"href":"https:\/\/promogolfball.com\/fr\/wp-json\/wp\/v2\/media\/17830"}],"wp:attachment":[{"href":"https:\/\/promogolfball.com\/fr\/wp-json\/wp\/v2\/media?parent=17852"}],"wp:term":[{"taxonomy":"product_brand","embeddable":true,"href":"https:\/\/promogolfball.com\/fr\/wp-json\/wp\/v2\/product_brand?post=17852"},{"taxonomy":"product_cat","embeddable":true,"href":"https:\/\/promogolfball.com\/fr\/wp-json\/wp\/v2\/product_cat?post=17852"},{"taxonomy":"product_tag","embeddable":true,"href":"https:\/\/promogolfball.com\/fr\/wp-json\/wp\/v2\/product_tag?post=17852"},{"taxonomy":"berocket_brand","embeddable":true,"href":"https:\/\/promogolfball.com\/fr\/wp-json\/wp\/v2\/berocket_brand?post=17852"}],"curies":[{"name":"wp","href":"https:\/\/api.w.org\/{rel}","templated":true}]}}