{"id":17786,"date":"2026-02-15T19:17:24","date_gmt":"2026-02-16T00:17:24","guid":{"rendered":"https:\/\/promogolfball.com\/?post_type=product&#038;p=17786"},"modified":"2026-03-05T16:53:56","modified_gmt":"2026-03-05T21:53:56","slug":"balles-de-golf-avec-logo-maxfli-revolution-one","status":"publish","type":"product","link":"https:\/\/promogolfball.com\/fr\/produit\/balles-de-golf-avec-logo-maxfli-revolution-one","title":{"rendered":"Balles de golf avec logo Maxfli Revolution One"},"content":{"rendered":"<h2 data-start=\"122\" data-end=\"188\"><strong data-start=\"125\" data-end=\"188\">Maxfli Revolution One \u2013 Performance tour et contr\u00f4le pr\u00e9cis<\/strong><\/h2>\n<p data-start=\"190\" data-end=\"523\">La <strong data-start=\"193\" data-end=\"218\">Maxfli Revolution One<\/strong> est une balle de golf <strong data-start=\"241\" data-end=\"258\">haut de gamme<\/strong> con\u00e7ue pour les joueurs qui recherchent une <strong data-start=\"303\" data-end=\"333\">performance de niveau tour<\/strong>, avec un excellent \u00e9quilibre entre <strong data-start=\"369\" data-end=\"380\">vitesse<\/strong>, <strong data-start=\"382\" data-end=\"394\">contr\u00f4le<\/strong> et <strong data-start=\"398\" data-end=\"412\">sensations<\/strong>. Sa construction avanc\u00e9e et son enveloppe en ur\u00e9thane offrent une constance remarquable du tee jusqu\u2019au green.<\/p>\n<hr data-start=\"525\" data-end=\"528\" \/>\n<h3 data-start=\"530\" data-end=\"579\"><strong data-start=\"534\" data-end=\"579\">Pourquoi jouer la Maxfli Revolution One ?<\/strong><\/h3>\n<ul data-start=\"581\" data-end=\"1138\">\n<li data-start=\"581\" data-end=\"688\">\n<p data-start=\"583\" data-end=\"688\">\u2705 <strong data-start=\"585\" data-end=\"612\">Vitesse de balle \u00e9lev\u00e9e<\/strong> : Noyau haute performance con\u00e7u pour maximiser la vitesse et la distance.<\/p>\n<\/li>\n<li data-start=\"689\" data-end=\"824\">\n<p data-start=\"691\" data-end=\"824\">\u2705 <strong data-start=\"693\" data-end=\"728\">Contr\u00f4le sup\u00e9rieur au petit jeu<\/strong> : Enveloppe en ur\u00e9thane offrant un spin pr\u00e9cis sur les coups d\u2019approche et autour des greens.<\/p>\n<\/li>\n<li data-start=\"825\" data-end=\"928\">\n<p data-start=\"827\" data-end=\"928\">\u2705 <strong data-start=\"829\" data-end=\"865\">Trajectoire stable et p\u00e9n\u00e9trante<\/strong> : A\u00e9rodynamisme optimis\u00e9 pour un vol constant et pr\u00e9visible.<\/p>\n<\/li>\n<li data-start=\"929\" data-end=\"1034\">\n<p data-start=\"931\" data-end=\"1034\">\u2705 <strong data-start=\"933\" data-end=\"960\">Toucher doux et r\u00e9actif<\/strong> : Excellente sensation \u00e0 l\u2019impact, appr\u00e9ci\u00e9e par les joueurs exigeants.<\/p>\n<\/li>\n<li data-start=\"1035\" data-end=\"1138\">\n<p data-start=\"1037\" data-end=\"1138\">\u2705 <strong data-start=\"1039\" data-end=\"1064\">Performance constante<\/strong> : Fabrication de pr\u00e9cision assurant une uniformit\u00e9 d\u2019une balle \u00e0 l\u2019autre.<\/p>\n<\/li>\n<\/ul>\n","protected":false},"excerpt":{"rendered":"<p>Maxfli Revolution One \u2013 Performance tour et contr\u00f4le pr\u00e9cis La Maxfli Revolution One est une balle de golf haut de&#8230;<\/p>\n","protected":false},"featured_media":17759,"template":"","meta":[],"product_brand":[],"product_cat":[89,175],"product_tag":[],"berocket_brand":[176],"class_list":{"0":"post-17786","1":"product","2":"type-product","3":"status-publish","4":"has-post-thumbnail","6":"product_cat-balles-de-golf-avec-logo","7":"product_cat-maxfli","8":"berocket_brand-maxfli","10":"first","11":"instock","12":"sale","13":"taxable","14":"shipping-taxable","15":"purchasable","16":"product-type-simple","17":"add-to-wishlist-after_add_to_cart"},"_links":{"self":[{"href":"https:\/\/promogolfball.com\/fr\/wp-json\/wp\/v2\/product\/17786","targetHints":{"allow":["GET"]}}],"collection":[{"href":"https:\/\/promogolfball.com\/fr\/wp-json\/wp\/v2\/product"}],"about":[{"href":"https:\/\/promogolfball.com\/fr\/wp-json\/wp\/v2\/types\/product"}],"version-history":[{"count":2,"href":"https:\/\/promogolfball.com\/fr\/wp-json\/wp\/v2\/product\/17786\/revisions"}],"predecessor-version":[{"id":17790,"href":"https:\/\/promogolfball.com\/fr\/wp-json\/wp\/v2\/product\/17786\/revisions\/17790"}],"wp:featuredmedia":[{"embeddable":true,"href":"https:\/\/promogolfball.com\/fr\/wp-json\/wp\/v2\/media\/17759"}],"wp:attachment":[{"href":"https:\/\/promogolfball.com\/fr\/wp-json\/wp\/v2\/media?parent=17786"}],"wp:term":[{"taxonomy":"product_brand","embeddable":true,"href":"https:\/\/promogolfball.com\/fr\/wp-json\/wp\/v2\/product_brand?post=17786"},{"taxonomy":"product_cat","embeddable":true,"href":"https:\/\/promogolfball.com\/fr\/wp-json\/wp\/v2\/product_cat?post=17786"},{"taxonomy":"product_tag","embeddable":true,"href":"https:\/\/promogolfball.com\/fr\/wp-json\/wp\/v2\/product_tag?post=17786"},{"taxonomy":"berocket_brand","embeddable":true,"href":"https:\/\/promogolfball.com\/fr\/wp-json\/wp\/v2\/berocket_brand?post=17786"}],"curies":[{"name":"wp","href":"https:\/\/api.w.org\/{rel}","templated":true}]}}