{"id":17483,"date":"2025-09-22T14:11:54","date_gmt":"2025-09-22T18:11:54","guid":{"rendered":"https:\/\/promogolfball.com\/?post_type=product&#038;p=17483"},"modified":"2026-01-14T13:27:39","modified_gmt":"2026-01-14T18:27:39","slug":"balles-de-golf-recyclees-monogramme","status":"publish","type":"product","link":"https:\/\/promogolfball.com\/fr\/produit\/balles-de-golf-recyclees-monogramme","title":{"rendered":"Balles de Golf Recycl\u00e9es Monogramme"},"content":{"rendered":"<h2 data-start=\"124\" data-end=\"184\"><strong data-start=\"127\" data-end=\"182\">Balles de golf recycl\u00e9es \u2013 Marques vari\u00e9es blanches<\/strong><\/h2>\n<p data-start=\"186\" data-end=\"440\">Nos balles de golf recycl\u00e9es blanches de <strong data-start=\"227\" data-end=\"246\">marques vari\u00e9es<\/strong> sont soigneusement tri\u00e9es et trait\u00e9es afin de vous offrir une <strong data-start=\"309\" data-end=\"327\">qualit\u00e9 fiable<\/strong> \u00e0 un <strong data-start=\"333\" data-end=\"352\">prix comp\u00e9titif<\/strong>. Une solution <strong data-start=\"367\" data-end=\"399\">\u00e9conomique et \u00e9coresponsable<\/strong>, id\u00e9ale pour pratiquer sans compromis.<\/p>\n<hr data-start=\"442\" data-end=\"445\" \/>\n<h3 data-start=\"447\" data-end=\"475\"><strong data-start=\"451\" data-end=\"473\">Caract\u00e9ristiques :<\/strong><\/h3>\n<ul data-start=\"476\" data-end=\"840\">\n<li data-start=\"476\" data-end=\"553\">\n<p data-start=\"478\" data-end=\"553\">\u2705 <strong data-start=\"480\" data-end=\"506\">Produit \u00e9coresponsable<\/strong> : Donnez une seconde vie aux balles de golf.<\/p>\n<\/li>\n<li data-start=\"554\" data-end=\"643\">\n<p data-start=\"556\" data-end=\"643\">\u2705 <strong data-start=\"558\" data-end=\"578\">Balles recycl\u00e9es<\/strong> : Nettoy\u00e9es et reconditionn\u00e9es pour une performance constante.<\/p>\n<\/li>\n<li data-start=\"644\" data-end=\"749\">\n<p data-start=\"646\" data-end=\"749\">\u2705 <strong data-start=\"648\" data-end=\"679\">Convient \u00e0 tous les niveaux<\/strong> : Id\u00e9ales pour les golfeurs d\u00e9butants, interm\u00e9diaires ou confirm\u00e9s.<\/p>\n<\/li>\n<li data-start=\"750\" data-end=\"840\">\n<p data-start=\"752\" data-end=\"840\">\u2705 <strong data-start=\"754\" data-end=\"788\">Excellent rapport qualit\u00e9\/prix<\/strong> : Solution abordable pour pratiquer plus souvent.<\/p>\n<\/li>\n<\/ul>\n<p data-start=\"516\" data-end=\"647\">\u26a0\ufe0f <strong data-start=\"519\" data-end=\"532\">Important<\/strong> : Ces balles sont vendues \u00e0 la douzaine (12), mais <strong data-start=\"584\" data-end=\"605\">emball\u00e9es en vrac<\/strong> et non dans les bo\u00eetes traditionnelles.<\/p>\n<p>&nbsp;<\/p>\n<hr class=\"\" data-start=\"1019\" data-end=\"1022\" \/>\n","protected":false},"excerpt":{"rendered":"<p>Balles de golf recycl\u00e9es \u2013 Marques vari\u00e9es blanches Nos balles de golf recycl\u00e9es blanches de marques vari\u00e9es sont soigneusement tri\u00e9es&#8230;<\/p>\n","protected":false},"featured_media":17470,"template":"","meta":[],"product_brand":[],"product_cat":[90,134],"product_tag":[],"berocket_brand":[],"class_list":{"0":"post-17483","1":"product","2":"type-product","3":"status-publish","4":"has-post-thumbnail","6":"product_cat-balles-de-golf-monograme","7":"product_cat-produits-generic","9":"first","10":"instock","11":"taxable","12":"shipping-taxable","13":"purchasable","14":"product-type-simple","15":"add-to-wishlist-after_add_to_cart"},"_links":{"self":[{"href":"https:\/\/promogolfball.com\/fr\/wp-json\/wp\/v2\/product\/17483","targetHints":{"allow":["GET"]}}],"collection":[{"href":"https:\/\/promogolfball.com\/fr\/wp-json\/wp\/v2\/product"}],"about":[{"href":"https:\/\/promogolfball.com\/fr\/wp-json\/wp\/v2\/types\/product"}],"version-history":[{"count":0,"href":"https:\/\/promogolfball.com\/fr\/wp-json\/wp\/v2\/product\/17483\/revisions"}],"wp:featuredmedia":[{"embeddable":true,"href":"https:\/\/promogolfball.com\/fr\/wp-json\/wp\/v2\/media\/17470"}],"wp:attachment":[{"href":"https:\/\/promogolfball.com\/fr\/wp-json\/wp\/v2\/media?parent=17483"}],"wp:term":[{"taxonomy":"product_brand","embeddable":true,"href":"https:\/\/promogolfball.com\/fr\/wp-json\/wp\/v2\/product_brand?post=17483"},{"taxonomy":"product_cat","embeddable":true,"href":"https:\/\/promogolfball.com\/fr\/wp-json\/wp\/v2\/product_cat?post=17483"},{"taxonomy":"product_tag","embeddable":true,"href":"https:\/\/promogolfball.com\/fr\/wp-json\/wp\/v2\/product_tag?post=17483"},{"taxonomy":"berocket_brand","embeddable":true,"href":"https:\/\/promogolfball.com\/fr\/wp-json\/wp\/v2\/berocket_brand?post=17483"}],"curies":[{"name":"wp","href":"https:\/\/api.w.org\/{rel}","templated":true}]}}