{"id":17459,"date":"2025-09-22T13:47:02","date_gmt":"2025-09-22T17:47:02","guid":{"rendered":"https:\/\/promogolfball.com\/?post_type=product&#038;p=17459"},"modified":"2026-01-14T13:28:32","modified_gmt":"2026-01-14T18:28:32","slug":"balles-de-golf-personnalisees-srixon-soft-feel-jaunes","status":"publish","type":"product","link":"https:\/\/promogolfball.com\/fr\/produit\/balles-de-golf-personnalisees-srixon-soft-feel-jaunes","title":{"rendered":"Balles de golf personnalis\u00e9es Srixon Soft Feel jaunes"},"content":{"rendered":"<p class=\"styled-subtitle\" data-start=\"107\" data-end=\"184\">AVERTISSEMENT: Impression en noir seulement sur les balles de couleur.<\/p>\n<h2 data-start=\"114\" data-end=\"177\"><strong data-start=\"117\" data-end=\"175\">Srixon Soft Feel \u2013 Distance et toucher tout en douceur<\/strong><\/h2>\n<p data-start=\"179\" data-end=\"486\">La <strong data-start=\"182\" data-end=\"202\">Srixon Soft Feel<\/strong> est con\u00e7ue pour offrir aux golfeurs une <strong data-start=\"243\" data-end=\"271\">distance impressionnante<\/strong> combin\u00e9e \u00e0 une <strong data-start=\"287\" data-end=\"318\">sensation douce et r\u00e9active<\/strong>. Son noyau \u00e0 faible compression et son enveloppe fine en ionom\u00e8re favorisent un vol de balle \u00e9lev\u00e9, une trajectoire stable et un meilleur contr\u00f4le autour des greens.<\/p>\n<hr data-start=\"488\" data-end=\"491\" \/>\n<h3 data-start=\"493\" data-end=\"539\"><strong data-start=\"497\" data-end=\"537\">Pourquoi jouer la Srixon Soft Feel ?<\/strong><\/h3>\n<ul data-start=\"541\" data-end=\"1023\">\n<li data-start=\"541\" data-end=\"658\">\n<p data-start=\"543\" data-end=\"658\">\u2705 <strong data-start=\"545\" data-end=\"575\">Noyau \u00e0 faible compression<\/strong> : Favorise une vitesse de balle rapide m\u00eame avec des vitesses de swing mod\u00e9r\u00e9es.<\/p>\n<\/li>\n<li data-start=\"659\" data-end=\"757\">\n<p data-start=\"661\" data-end=\"757\">\u2705 <strong data-start=\"663\" data-end=\"697\">Trajectoire haute et r\u00e9guli\u00e8re<\/strong> : A\u00e9rodynamisme am\u00e9lior\u00e9 pour un vol stable et p\u00e9n\u00e9trant.<\/p>\n<\/li>\n<li data-start=\"758\" data-end=\"840\">\n<p data-start=\"760\" data-end=\"840\">\u2705 <strong data-start=\"762\" data-end=\"778\">Toucher doux<\/strong> : Sensation agr\u00e9able au contact, du driver jusqu\u2019au putter.<\/p>\n<\/li>\n<li data-start=\"841\" data-end=\"937\">\n<p data-start=\"843\" data-end=\"937\">\u2705 <strong data-start=\"845\" data-end=\"871\">Spin autour des greens<\/strong> : Enveloppe mince qui permet un meilleur contr\u00f4le au petit jeu.<\/p>\n<\/li>\n<li data-start=\"938\" data-end=\"1023\">\n<p data-start=\"940\" data-end=\"1023\">\u2705 <strong data-start=\"942\" data-end=\"963\">Durabilit\u00e9 solide<\/strong> : Con\u00e7ue pour r\u00e9sister tout en maintenant la performance.<\/p>\n<\/li>\n<\/ul>\n<p>&nbsp;<\/p>\n","protected":false},"excerpt":{"rendered":"<p>AVERTISSEMENT: Impression en noir seulement sur les balles de couleur. Srixon Soft Feel \u2013 Distance et toucher tout en douceur&#8230;<\/p>\n","protected":false},"featured_media":17461,"template":"","meta":[],"product_brand":[],"product_cat":[91,136,137,130],"product_tag":[],"berocket_brand":[],"class_list":{"0":"post-17459","1":"product","2":"type-product","3":"status-publish","4":"has-post-thumbnail","6":"product_cat-balles-de-golf-personnalisees","7":"product_cat-couleurs","8":"product_cat-produits-femme","9":"product_cat-produits-srixon","11":"first","12":"instock","13":"taxable","14":"shipping-taxable","15":"purchasable","16":"product-type-simple","17":"add-to-wishlist-after_add_to_cart"},"_links":{"self":[{"href":"https:\/\/promogolfball.com\/fr\/wp-json\/wp\/v2\/product\/17459","targetHints":{"allow":["GET"]}}],"collection":[{"href":"https:\/\/promogolfball.com\/fr\/wp-json\/wp\/v2\/product"}],"about":[{"href":"https:\/\/promogolfball.com\/fr\/wp-json\/wp\/v2\/types\/product"}],"version-history":[{"count":0,"href":"https:\/\/promogolfball.com\/fr\/wp-json\/wp\/v2\/product\/17459\/revisions"}],"wp:featuredmedia":[{"embeddable":true,"href":"https:\/\/promogolfball.com\/fr\/wp-json\/wp\/v2\/media\/17461"}],"wp:attachment":[{"href":"https:\/\/promogolfball.com\/fr\/wp-json\/wp\/v2\/media?parent=17459"}],"wp:term":[{"taxonomy":"product_brand","embeddable":true,"href":"https:\/\/promogolfball.com\/fr\/wp-json\/wp\/v2\/product_brand?post=17459"},{"taxonomy":"product_cat","embeddable":true,"href":"https:\/\/promogolfball.com\/fr\/wp-json\/wp\/v2\/product_cat?post=17459"},{"taxonomy":"product_tag","embeddable":true,"href":"https:\/\/promogolfball.com\/fr\/wp-json\/wp\/v2\/product_tag?post=17459"},{"taxonomy":"berocket_brand","embeddable":true,"href":"https:\/\/promogolfball.com\/fr\/wp-json\/wp\/v2\/berocket_brand?post=17459"}],"curies":[{"name":"wp","href":"https:\/\/api.w.org\/{rel}","templated":true}]}}