{"id":1744,"date":"2024-06-14T18:49:17","date_gmt":"2024-06-14T18:49:17","guid":{"rendered":"https:\/\/promogolfball.com\/index.php\/produit\/callaway-chrome-soft-monogram-golf-balls\/"},"modified":"2026-01-28T08:40:29","modified_gmt":"2026-01-28T13:40:29","slug":"balles-golf-monogramme-callaway-chrome-soft","status":"publish","type":"product","link":"https:\/\/promogolfball.com\/fr\/produit\/balles-golf-monogramme-callaway-chrome-soft","title":{"rendered":"Balles de Golf Monogramme Callaway Chrome Soft"},"content":{"rendered":"<h3 data-start=\"146\" data-end=\"234\"><strong data-start=\"150\" data-end=\"234\">Callaway Chrome Soft \u2013 Vitesse explosive, vol constant, contr\u00f4le tout en douceur<\/strong><\/h3>\n<p data-start=\"236\" data-end=\"509\">Con\u00e7ue pour les golfeurs qui recherchent un \u00e9quilibre parfait entre <strong data-start=\"304\" data-end=\"355\">distance, sensation et contr\u00f4le autour du green<\/strong>, la <strong data-start=\"360\" data-end=\"375\">Chrome Tour<\/strong> offre une performance de haut niveau du d\u00e9part au drapeau. Chaque d\u00e9tail est optimis\u00e9 pour assurer une <strong data-start=\"479\" data-end=\"508\">r\u00e9gularit\u00e9 exceptionnelle<\/strong>.<\/p>\n<h4 data-start=\"511\" data-end=\"550\"><strong data-start=\"516\" data-end=\"550\">Pourquoi vous allez l\u2019adorer :<\/strong><\/h4>\n<ul data-start=\"552\" data-end=\"1403\">\n<li data-start=\"552\" data-end=\"750\">\n<p data-start=\"554\" data-end=\"750\">\u2705 <strong data-start=\"556\" data-end=\"602\">Vitesse de balle exceptionnellement rapide<\/strong> : Son nouveau noyau <strong data-start=\"623\" data-end=\"642\">Hyper Fast Soft<\/strong> est con\u00e7u avec une compression optimis\u00e9e et des mat\u00e9riaux avanc\u00e9s pour produire une <strong data-start=\"727\" data-end=\"747\">vitesse maximale<\/strong>.<\/p>\n<\/li>\n<li data-start=\"751\" data-end=\"946\">\n<p data-start=\"753\" data-end=\"946\">\u2705 <strong data-start=\"755\" data-end=\"798\">Vol \u00e9lev\u00e9 et constant avec faible effet<\/strong> : Le syst\u00e8me a\u00e9rodynamique <strong data-start=\"826\" data-end=\"848\">Seamless Tour Aero<\/strong> offre une <strong data-start=\"859\" data-end=\"894\">trajectoire stable et constante<\/strong>, parfaitement adapt\u00e9e \u00e0 la fen\u00eatre de vol id\u00e9ale.<\/p>\n<\/li>\n<li data-start=\"947\" data-end=\"1208\">\n<p data-start=\"949\" data-end=\"1208\">\u2705 <strong data-start=\"951\" data-end=\"1007\">Contr\u00f4le pr\u00e9cis autour du green avec un toucher doux<\/strong> : Gr\u00e2ce \u00e0 son enveloppe <strong data-start=\"1032\" data-end=\"1054\">Tour Urethane Soft<\/strong> haute performance, vous profitez d\u2019un <strong data-start=\"1093\" data-end=\"1114\">toucher plus doux<\/strong>, d\u2019un <strong data-start=\"1121\" data-end=\"1135\">spin accru<\/strong> et plus constant pour une <strong data-start=\"1162\" data-end=\"1205\">meilleure accroche sur les coups courts<\/strong>.<\/p>\n<\/li>\n<li data-start=\"1209\" data-end=\"1403\">\n<p data-start=\"1211\" data-end=\"1403\">\u2705 <strong data-start=\"1213\" data-end=\"1238\">Performance constante<\/strong> : La <strong data-start=\"1244\" data-end=\"1272\">technologie de pr\u00e9cision<\/strong> garantit une fabrication m\u00e9ticuleuse, appuy\u00e9e par <strong data-start=\"1323\" data-end=\"1369\">plus de 100 millions de points de contr\u00f4le<\/strong>, pour une <strong data-start=\"1380\" data-end=\"1402\">fiabilit\u00e9 in\u00e9gal\u00e9e<\/strong>.<\/p>\n<\/li>\n<\/ul>\n","protected":false},"excerpt":{"rendered":"<p>Callaway Chrome Soft \u2013 Vitesse explosive, vol constant, contr\u00f4le tout en douceur Con\u00e7ue pour les golfeurs qui recherchent un \u00e9quilibre&#8230;<\/p>\n","protected":false},"featured_media":17115,"template":"","meta":[],"product_brand":[],"product_cat":[90],"product_tag":[],"berocket_brand":[152],"class_list":{"0":"post-1744","1":"product","2":"type-product","3":"status-publish","4":"has-post-thumbnail","6":"product_cat-balles-de-golf-monograme","7":"berocket_brand-callaway","9":"first","10":"instock","11":"taxable","12":"shipping-taxable","13":"purchasable","14":"product-type-simple","15":"add-to-wishlist-after_add_to_cart"},"_links":{"self":[{"href":"https:\/\/promogolfball.com\/fr\/wp-json\/wp\/v2\/product\/1744","targetHints":{"allow":["GET"]}}],"collection":[{"href":"https:\/\/promogolfball.com\/fr\/wp-json\/wp\/v2\/product"}],"about":[{"href":"https:\/\/promogolfball.com\/fr\/wp-json\/wp\/v2\/types\/product"}],"version-history":[{"count":0,"href":"https:\/\/promogolfball.com\/fr\/wp-json\/wp\/v2\/product\/1744\/revisions"}],"wp:featuredmedia":[{"embeddable":true,"href":"https:\/\/promogolfball.com\/fr\/wp-json\/wp\/v2\/media\/17115"}],"wp:attachment":[{"href":"https:\/\/promogolfball.com\/fr\/wp-json\/wp\/v2\/media?parent=1744"}],"wp:term":[{"taxonomy":"product_brand","embeddable":true,"href":"https:\/\/promogolfball.com\/fr\/wp-json\/wp\/v2\/product_brand?post=1744"},{"taxonomy":"product_cat","embeddable":true,"href":"https:\/\/promogolfball.com\/fr\/wp-json\/wp\/v2\/product_cat?post=1744"},{"taxonomy":"product_tag","embeddable":true,"href":"https:\/\/promogolfball.com\/fr\/wp-json\/wp\/v2\/product_tag?post=1744"},{"taxonomy":"berocket_brand","embeddable":true,"href":"https:\/\/promogolfball.com\/fr\/wp-json\/wp\/v2\/berocket_brand?post=1744"}],"curies":[{"name":"wp","href":"https:\/\/api.w.org\/{rel}","templated":true}]}}