{"id":17423,"date":"2025-09-22T11:23:13","date_gmt":"2025-09-22T15:23:13","guid":{"rendered":"https:\/\/promogolfball.com\/?post_type=product&#038;p=17423"},"modified":"2026-01-28T08:41:35","modified_gmt":"2026-01-28T13:41:35","slug":"balles-de-golf-blanches-personnalisees","status":"publish","type":"product","link":"https:\/\/promogolfball.com\/fr\/produit\/balles-de-golf-blanches-personnalisees","title":{"rendered":"Balles de Golf Blanches personnalis\u00e9es"},"content":{"rendered":"<h2 data-start=\"165\" data-end=\"215\"><strong data-start=\"168\" data-end=\"213\">Balles de golf blanches \u2013 2 pi\u00e8ces (vrac)<\/strong><\/h2>\n<p data-start=\"217\" data-end=\"514\">Ces <strong data-start=\"221\" data-end=\"268\">balles de golf blanches g\u00e9n\u00e9riques 2 pi\u00e8ces<\/strong> offrent une combinaison simple et efficace de <strong data-start=\"315\" data-end=\"344\">distance et de durabilit\u00e9<\/strong>. Id\u00e9ales pour l\u2019entra\u00eenement, les rondes amicales ou pour ceux qui recherchent une option \u00e9conomique, elles permettent de profiter d\u2019un excellent rapport qualit\u00e9\/prix.<\/p>\n<p data-start=\"516\" data-end=\"647\">\u26a0\ufe0f <strong data-start=\"519\" data-end=\"532\">Important<\/strong> : Ces balles sont vendues \u00e0 la douzaine (12), mais <strong data-start=\"584\" data-end=\"605\">emball\u00e9es en vrac<\/strong> et non dans les bo\u00eetes traditionnelles.<\/p>\n<hr data-start=\"649\" data-end=\"652\" \/>\n<h3 data-start=\"654\" data-end=\"693\"><strong data-start=\"658\" data-end=\"691\">Pourquoi choisir ces balles ?<\/strong><\/h3>\n<ul data-start=\"695\" data-end=\"1105\">\n<li data-start=\"695\" data-end=\"767\">\n<p data-start=\"697\" data-end=\"767\">\u2705 <strong data-start=\"699\" data-end=\"724\">Construction 2 pi\u00e8ces<\/strong> : Distance accrue et performance fiable.<\/p>\n<\/li>\n<li data-start=\"768\" data-end=\"859\">\n<p data-start=\"770\" data-end=\"859\">\u2705 <strong data-start=\"772\" data-end=\"788\">Polyvalentes<\/strong> : Conviennent aussi bien \u00e0 l\u2019entra\u00eenement qu\u2019au jeu sur le parcours.<\/p>\n<\/li>\n<li data-start=\"860\" data-end=\"932\">\n<p data-start=\"862\" data-end=\"932\">\u2705 <strong data-start=\"864\" data-end=\"878\">Durabilit\u00e9<\/strong> : Enveloppe robuste pour une utilisation prolong\u00e9e.<\/p>\n<\/li>\n<li data-start=\"933\" data-end=\"1031\">\n<p data-start=\"935\" data-end=\"1031\">\u2705 <strong data-start=\"937\" data-end=\"952\">\u00c9conomiques<\/strong> : Solution abordable pour les golfeurs qui veulent pratiquer sans se ruiner.<\/p>\n<\/li>\n<li data-start=\"1032\" data-end=\"1105\">\n<p data-start=\"1034\" data-end=\"1105\">\u2705 <strong data-start=\"1036\" data-end=\"1055\">Format pratique<\/strong> : Vendues en lots de 12, <strong data-start=\"1081\" data-end=\"1102\">emball\u00e9es en vrac<\/strong>.<\/p>\n<\/li>\n<\/ul>\n<p>&nbsp;<\/p>\n<hr class=\"\" data-start=\"1019\" data-end=\"1022\" \/>\n","protected":false},"excerpt":{"rendered":"<p>Balles de golf blanches \u2013 2 pi\u00e8ces (vrac) Ces balles de golf blanches g\u00e9n\u00e9riques 2 pi\u00e8ces offrent une combinaison simple&#8230;<\/p>\n","protected":false},"featured_media":17413,"template":"","meta":[],"product_brand":[],"product_cat":[91,134],"product_tag":[],"berocket_brand":[174],"class_list":{"0":"post-17423","1":"product","2":"type-product","3":"status-publish","4":"has-post-thumbnail","6":"product_cat-balles-de-golf-personnalisees","7":"product_cat-produits-generic","8":"berocket_brand-generique","10":"first","11":"instock","12":"taxable","13":"shipping-taxable","14":"purchasable","15":"product-type-simple","16":"add-to-wishlist-after_add_to_cart"},"_links":{"self":[{"href":"https:\/\/promogolfball.com\/fr\/wp-json\/wp\/v2\/product\/17423","targetHints":{"allow":["GET"]}}],"collection":[{"href":"https:\/\/promogolfball.com\/fr\/wp-json\/wp\/v2\/product"}],"about":[{"href":"https:\/\/promogolfball.com\/fr\/wp-json\/wp\/v2\/types\/product"}],"version-history":[{"count":0,"href":"https:\/\/promogolfball.com\/fr\/wp-json\/wp\/v2\/product\/17423\/revisions"}],"wp:featuredmedia":[{"embeddable":true,"href":"https:\/\/promogolfball.com\/fr\/wp-json\/wp\/v2\/media\/17413"}],"wp:attachment":[{"href":"https:\/\/promogolfball.com\/fr\/wp-json\/wp\/v2\/media?parent=17423"}],"wp:term":[{"taxonomy":"product_brand","embeddable":true,"href":"https:\/\/promogolfball.com\/fr\/wp-json\/wp\/v2\/product_brand?post=17423"},{"taxonomy":"product_cat","embeddable":true,"href":"https:\/\/promogolfball.com\/fr\/wp-json\/wp\/v2\/product_cat?post=17423"},{"taxonomy":"product_tag","embeddable":true,"href":"https:\/\/promogolfball.com\/fr\/wp-json\/wp\/v2\/product_tag?post=17423"},{"taxonomy":"berocket_brand","embeddable":true,"href":"https:\/\/promogolfball.com\/fr\/wp-json\/wp\/v2\/berocket_brand?post=17423"}],"curies":[{"name":"wp","href":"https:\/\/api.w.org\/{rel}","templated":true}]}}