{"id":17383,"date":"2025-09-22T09:27:49","date_gmt":"2025-09-22T13:27:49","guid":{"rendered":"https:\/\/promogolfball.com\/?post_type=product&#038;p=17383"},"modified":"2025-09-22T11:28:06","modified_gmt":"2025-09-22T15:28:06","slug":"balles-de-golf-photo-srixon-marathon-paquet-de-15","status":"publish","type":"product","link":"https:\/\/promogolfball.com\/fr\/produit\/balles-de-golf-photo-srixon-marathon-paquet-de-15","title":{"rendered":"Balles de Golf Photo Srixon Marathon &#8211; Paquet de 15"},"content":{"rendered":"<p data-start=\"102\" data-end=\"160\"><span class=\"light\">AVERTISSEMENT: Les balles Srixon Marathon sont d\u2019excellente qualit\u00e9, mais l\u2019adh\u00e9rence des impressions est limit\u00e9e et ne peut donc pas \u00eatre garantie.<\/span><\/p>\n<h2 data-start=\"102\" data-end=\"160\"><strong data-start=\"105\" data-end=\"158\">Srixon Marathon \u2013 Distance maximale et durabilit\u00e9<\/strong><\/h2>\n<p data-start=\"162\" data-end=\"493\">La <strong data-start=\"165\" data-end=\"184\">Srixon Marathon<\/strong> est con\u00e7ue pour les golfeurs qui recherchent une balle offrant une <strong data-start=\"252\" data-end=\"280\">distance impressionnante<\/strong>, une <strong data-start=\"286\" data-end=\"307\">durabilit\u00e9 \u00e9lev\u00e9e<\/strong> et une <strong data-start=\"315\" data-end=\"340\">trajectoire r\u00e9guli\u00e8re<\/strong>. Gr\u00e2ce \u00e0 sa construction robuste et son design a\u00e9rodynamique, elle est id\u00e9ale pour les joueurs qui veulent frapper long et droit, partie apr\u00e8s partie.<\/p>\n<hr data-start=\"495\" data-end=\"498\" \/>\n<h3 data-start=\"500\" data-end=\"545\"><strong data-start=\"504\" data-end=\"543\">Pourquoi jouer la Srixon Marathon ?<\/strong><\/h3>\n<ul data-start=\"547\" data-end=\"1081\">\n<li data-start=\"547\" data-end=\"644\">\n<p data-start=\"549\" data-end=\"644\">\u2705 <strong data-start=\"551\" data-end=\"572\">Distance maximale<\/strong> : Con\u00e7ue pour g\u00e9n\u00e9rer une vitesse de balle rapide et un vol puissant.<\/p>\n<\/li>\n<li data-start=\"645\" data-end=\"757\">\n<p data-start=\"647\" data-end=\"757\">\u2705 <strong data-start=\"649\" data-end=\"670\">Durabilit\u00e9 accrue<\/strong> : Enveloppe r\u00e9sistante pour une performance constante, m\u00eame apr\u00e8s plusieurs parties.<\/p>\n<\/li>\n<li data-start=\"758\" data-end=\"857\">\n<p data-start=\"760\" data-end=\"857\">\u2705 <strong data-start=\"762\" data-end=\"787\">Trajectoire r\u00e9guli\u00e8re<\/strong> : Profil a\u00e9rodynamique qui stabilise le vol pour plus de pr\u00e9cision.<\/p>\n<\/li>\n<li data-start=\"858\" data-end=\"959\">\n<p data-start=\"860\" data-end=\"959\">\u2705 <strong data-start=\"862\" data-end=\"896\">Excellent rapport qualit\u00e9\/prix<\/strong> : Une balle fiable qui combine performance et accessibilit\u00e9.<\/p>\n<\/li>\n<li data-start=\"960\" data-end=\"1081\">\n<p data-start=\"962\" data-end=\"1081\">\u2705 <strong data-start=\"964\" data-end=\"985\">Con\u00e7ue pour durer<\/strong> : Id\u00e9ale pour les golfeurs qui jouent souvent et veulent une balle performante \u00e0 chaque coup.<\/p>\n<\/li>\n<\/ul>\n","protected":false},"excerpt":{"rendered":"<p>AVERTISSEMENT: Les balles Srixon Marathon sont d\u2019excellente qualit\u00e9, mais l\u2019adh\u00e9rence des impressions est limit\u00e9e et ne peut donc pas \u00eatre&#8230;<\/p>\n","protected":false},"featured_media":16683,"template":"","meta":[],"product_brand":[],"product_cat":[92,130],"product_tag":[],"berocket_brand":[165],"class_list":{"0":"post-17383","1":"product","2":"type-product","3":"status-publish","4":"has-post-thumbnail","6":"product_cat-balles-de-golf-photos","7":"product_cat-produits-srixon","8":"berocket_brand-srixon","10":"first","11":"instock","12":"taxable","13":"shipping-taxable","14":"purchasable","15":"product-type-simple","16":"add-to-wishlist-after_add_to_cart"},"_links":{"self":[{"href":"https:\/\/promogolfball.com\/fr\/wp-json\/wp\/v2\/product\/17383","targetHints":{"allow":["GET"]}}],"collection":[{"href":"https:\/\/promogolfball.com\/fr\/wp-json\/wp\/v2\/product"}],"about":[{"href":"https:\/\/promogolfball.com\/fr\/wp-json\/wp\/v2\/types\/product"}],"version-history":[{"count":0,"href":"https:\/\/promogolfball.com\/fr\/wp-json\/wp\/v2\/product\/17383\/revisions"}],"wp:featuredmedia":[{"embeddable":true,"href":"https:\/\/promogolfball.com\/fr\/wp-json\/wp\/v2\/media\/16683"}],"wp:attachment":[{"href":"https:\/\/promogolfball.com\/fr\/wp-json\/wp\/v2\/media?parent=17383"}],"wp:term":[{"taxonomy":"product_brand","embeddable":true,"href":"https:\/\/promogolfball.com\/fr\/wp-json\/wp\/v2\/product_brand?post=17383"},{"taxonomy":"product_cat","embeddable":true,"href":"https:\/\/promogolfball.com\/fr\/wp-json\/wp\/v2\/product_cat?post=17383"},{"taxonomy":"product_tag","embeddable":true,"href":"https:\/\/promogolfball.com\/fr\/wp-json\/wp\/v2\/product_tag?post=17383"},{"taxonomy":"berocket_brand","embeddable":true,"href":"https:\/\/promogolfball.com\/fr\/wp-json\/wp\/v2\/berocket_brand?post=17383"}],"curies":[{"name":"wp","href":"https:\/\/api.w.org\/{rel}","templated":true}]}}