{"id":17104,"date":"2025-05-10T16:28:33","date_gmt":"2025-05-10T20:28:33","guid":{"rendered":"https:\/\/promogolfball.com\/?post_type=product&#038;p=17104"},"modified":"2026-01-28T08:41:32","modified_gmt":"2026-01-28T13:41:32","slug":"balles-de-golf-avec-logo-callaway-chrome-tour","status":"publish","type":"product","link":"https:\/\/promogolfball.com\/fr\/produit\/balles-de-golf-avec-logo-callaway-chrome-tour","title":{"rendered":"Balles de golf avec logo Callaway Chrome Tour"},"content":{"rendered":"<h3 data-start=\"175\" data-end=\"268\"><strong data-start=\"179\" data-end=\"268\">Callaway Chrome Tour \u2013 Distance constante, contr\u00f4le pr\u00e9cis et sensation haut de gamme<\/strong><\/h3>\n<p data-start=\"270\" data-end=\"647\">Pens\u00e9e pour les golfeurs exigeants qui recherchent une performance compl\u00e8te, la <strong data-start=\"350\" data-end=\"365\">Chrome Tour<\/strong> offre une combinaison id\u00e9ale de <strong data-start=\"398\" data-end=\"418\">vitesse de balle<\/strong>, de <strong data-start=\"423\" data-end=\"440\">vol p\u00e9n\u00e9trant<\/strong> et de <strong data-start=\"447\" data-end=\"466\">sensation douce<\/strong>, tout en maintenant un <strong data-start=\"490\" data-end=\"525\">contr\u00f4le fiable autour du green<\/strong>. Sa construction multi-couches et son enveloppe haut de gamme en font une balle redoutablement efficace, du tee au green.<\/p>\n<h4 data-start=\"649\" data-end=\"688\"><strong data-start=\"654\" data-end=\"688\">Pourquoi vous allez l\u2019adorer :<\/strong><\/h4>\n<ul data-start=\"690\" data-end=\"1254\">\n<li data-start=\"690\" data-end=\"860\">\n<p data-start=\"692\" data-end=\"860\">\u2705 <strong data-start=\"694\" data-end=\"734\">Vitesse constante et distance fiable<\/strong> : Son noyau SoftFast et sa conception multicouche assurent une <strong data-start=\"798\" data-end=\"829\">excellente vitesse de balle<\/strong> et une <strong data-start=\"837\" data-end=\"857\">port\u00e9e r\u00e9guli\u00e8re<\/strong>.<\/p>\n<\/li>\n<li data-start=\"861\" data-end=\"979\">\n<p data-start=\"863\" data-end=\"979\">\u2705 <strong data-start=\"865\" data-end=\"897\">Sensation premium \u00e0 l\u2019impact<\/strong> : Une <strong data-start=\"904\" data-end=\"924\">douceur r\u00e9active<\/strong>, id\u00e9ale pour les coups de pr\u00e9cision et le petit jeu.<\/p>\n<\/li>\n<li data-start=\"980\" data-end=\"1116\">\n<p data-start=\"982\" data-end=\"1116\">\u2705 <strong data-start=\"984\" data-end=\"1017\">Spin ma\u00eetris\u00e9 autour du green<\/strong> : Son enveloppe en ur\u00e9thane ultra-mince permet un <strong data-start=\"1068\" data-end=\"1113\">excellent contr\u00f4le sans exc\u00e8s de rotation<\/strong>.<\/p>\n<\/li>\n<li data-start=\"1117\" data-end=\"1254\">\n<p data-start=\"1119\" data-end=\"1254\">\u2705 <strong data-start=\"1121\" data-end=\"1148\">Vol p\u00e9n\u00e9trant et stable<\/strong> : La technologie <strong data-start=\"1166\" data-end=\"1179\">Tour Aero<\/strong> garantit une <strong data-start=\"1193\" data-end=\"1218\">trajectoire constante<\/strong>, quelles que soient les conditions.<\/p>\n<\/li>\n<\/ul>\n","protected":false},"excerpt":{"rendered":"<p>Callaway Chrome Tour \u2013 Distance constante, contr\u00f4le pr\u00e9cis et sensation haut de gamme Pens\u00e9e pour les golfeurs exigeants qui recherchent&#8230;<\/p>\n","protected":false},"featured_media":17089,"template":"","meta":[],"product_brand":[],"product_cat":[89,172],"product_tag":[],"berocket_brand":[152],"class_list":{"0":"post-17104","1":"product","2":"type-product","3":"status-publish","4":"has-post-thumbnail","6":"product_cat-balles-de-golf-avec-logo","7":"product_cat-callaway","8":"berocket_brand-callaway","10":"first","11":"instock","12":"taxable","13":"shipping-taxable","14":"purchasable","15":"product-type-simple","16":"add-to-wishlist-after_add_to_cart"},"_links":{"self":[{"href":"https:\/\/promogolfball.com\/fr\/wp-json\/wp\/v2\/product\/17104","targetHints":{"allow":["GET"]}}],"collection":[{"href":"https:\/\/promogolfball.com\/fr\/wp-json\/wp\/v2\/product"}],"about":[{"href":"https:\/\/promogolfball.com\/fr\/wp-json\/wp\/v2\/types\/product"}],"version-history":[{"count":0,"href":"https:\/\/promogolfball.com\/fr\/wp-json\/wp\/v2\/product\/17104\/revisions"}],"wp:featuredmedia":[{"embeddable":true,"href":"https:\/\/promogolfball.com\/fr\/wp-json\/wp\/v2\/media\/17089"}],"wp:attachment":[{"href":"https:\/\/promogolfball.com\/fr\/wp-json\/wp\/v2\/media?parent=17104"}],"wp:term":[{"taxonomy":"product_brand","embeddable":true,"href":"https:\/\/promogolfball.com\/fr\/wp-json\/wp\/v2\/product_brand?post=17104"},{"taxonomy":"product_cat","embeddable":true,"href":"https:\/\/promogolfball.com\/fr\/wp-json\/wp\/v2\/product_cat?post=17104"},{"taxonomy":"product_tag","embeddable":true,"href":"https:\/\/promogolfball.com\/fr\/wp-json\/wp\/v2\/product_tag?post=17104"},{"taxonomy":"berocket_brand","embeddable":true,"href":"https:\/\/promogolfball.com\/fr\/wp-json\/wp\/v2\/berocket_brand?post=17104"}],"curies":[{"name":"wp","href":"https:\/\/api.w.org\/{rel}","templated":true}]}}