{"id":17040,"date":"2025-05-05T19:51:12","date_gmt":"2025-05-05T23:51:12","guid":{"rendered":"https:\/\/promogolfball.com\/?post_type=product&#038;p=17040"},"modified":"2025-05-05T20:21:10","modified_gmt":"2025-05-06T00:21:10","slug":"balles-de-golf-photo-callaway-warbird","status":"publish","type":"product","link":"https:\/\/promogolfball.com\/fr\/produit\/balles-de-golf-photo-callaway-warbird","title":{"rendered":"Balles de Golf Photo Callaway Warbird"},"content":{"rendered":"<h3 class=\"\" data-start=\"125\" data-end=\"185\"><strong data-start=\"129\" data-end=\"185\">Callaway Warbird \u2013 Puissance pure, distance maximale<\/strong><\/h3>\n<p class=\"\" data-start=\"187\" data-end=\"521\">Con\u00e7ue pour ceux qui veulent <strong data-start=\"216\" data-end=\"241\">tout donner au d\u00e9part<\/strong>, la <strong data-start=\"246\" data-end=\"266\">Callaway Warbird<\/strong> est une balle pens\u00e9e pour lib\u00e9rer <strong data-start=\"301\" data-end=\"327\">une distance explosive<\/strong> gr\u00e2ce \u00e0 une vitesse de balle impressionnante et un envol puissant. Son noyau haute \u00e9nergie et sa conception a\u00e9rodynamique vous aident \u00e0 atteindre des performances maximales d\u00e8s le premier coup.<\/p>\n<h4 class=\"\" data-start=\"523\" data-end=\"562\"><strong data-start=\"528\" data-end=\"562\">Pourquoi vous allez l\u2019adorer :<\/strong><\/h4>\n<ul data-start=\"564\" data-end=\"1017\">\n<li class=\"\" data-start=\"564\" data-end=\"693\">\n<p class=\"\" data-start=\"566\" data-end=\"693\"><strong data-start=\"566\" data-end=\"591\">Noyau \u00e0 haute \u00e9nergie<\/strong> : Con\u00e7u pour une <strong data-start=\"609\" data-end=\"633\">compression optimale<\/strong> \u00e0 l\u2019impact, g\u00e9n\u00e9rant une vitesse de balle exceptionnelle.<\/p>\n<\/li>\n<li class=\"\" data-start=\"694\" data-end=\"820\">\n<p class=\"\" data-start=\"696\" data-end=\"820\"><strong data-start=\"696\" data-end=\"717\">A\u00e9rodynamisme HEX<\/strong> : Les alv\u00e9oles HEX favorisent un <strong data-start=\"751\" data-end=\"775\">envol haut et stable<\/strong>, r\u00e9duisant la tra\u00een\u00e9e pour plus de port\u00e9e.<\/p>\n<\/li>\n<li class=\"\" data-start=\"821\" data-end=\"927\">\n<p class=\"\" data-start=\"823\" data-end=\"927\"><strong data-start=\"823\" data-end=\"856\">Sensation ferme mais r\u00e9active<\/strong> : Id\u00e9ale pour les joueurs recherchant un feedback solide \u00e0 l\u2019impact.<\/p>\n<\/li>\n<li class=\"\" data-start=\"928\" data-end=\"1017\">\n<p class=\"\" data-start=\"930\" data-end=\"1017\"><strong data-start=\"930\" data-end=\"955\">Construction 2 pi\u00e8ces<\/strong> : Parfaite pour les longs coups avec une durabilit\u00e9 fiable.<\/p>\n<\/li>\n<\/ul>\n<hr class=\"\" data-start=\"1019\" data-end=\"1022\" \/>\n","protected":false},"excerpt":{"rendered":"<p>Callaway Warbird \u2013 Puissance pure, distance maximale Con\u00e7ue pour ceux qui veulent tout donner au d\u00e9part, la Callaway Warbird est&#8230;<\/p>\n","protected":false},"featured_media":17044,"template":"","meta":[],"product_brand":[],"product_cat":[92,172],"product_tag":[],"berocket_brand":[152],"class_list":{"0":"post-17040","1":"product","2":"type-product","3":"status-publish","4":"has-post-thumbnail","6":"product_cat-balles-de-golf-photos","7":"product_cat-callaway","8":"berocket_brand-callaway","10":"first","11":"instock","12":"taxable","13":"shipping-taxable","14":"purchasable","15":"product-type-simple","16":"add-to-wishlist-after_add_to_cart"},"_links":{"self":[{"href":"https:\/\/promogolfball.com\/fr\/wp-json\/wp\/v2\/product\/17040","targetHints":{"allow":["GET"]}}],"collection":[{"href":"https:\/\/promogolfball.com\/fr\/wp-json\/wp\/v2\/product"}],"about":[{"href":"https:\/\/promogolfball.com\/fr\/wp-json\/wp\/v2\/types\/product"}],"version-history":[{"count":0,"href":"https:\/\/promogolfball.com\/fr\/wp-json\/wp\/v2\/product\/17040\/revisions"}],"wp:featuredmedia":[{"embeddable":true,"href":"https:\/\/promogolfball.com\/fr\/wp-json\/wp\/v2\/media\/17044"}],"wp:attachment":[{"href":"https:\/\/promogolfball.com\/fr\/wp-json\/wp\/v2\/media?parent=17040"}],"wp:term":[{"taxonomy":"product_brand","embeddable":true,"href":"https:\/\/promogolfball.com\/fr\/wp-json\/wp\/v2\/product_brand?post=17040"},{"taxonomy":"product_cat","embeddable":true,"href":"https:\/\/promogolfball.com\/fr\/wp-json\/wp\/v2\/product_cat?post=17040"},{"taxonomy":"product_tag","embeddable":true,"href":"https:\/\/promogolfball.com\/fr\/wp-json\/wp\/v2\/product_tag?post=17040"},{"taxonomy":"berocket_brand","embeddable":true,"href":"https:\/\/promogolfball.com\/fr\/wp-json\/wp\/v2\/berocket_brand?post=17040"}],"curies":[{"name":"wp","href":"https:\/\/api.w.org\/{rel}","templated":true}]}}