{"id":16595,"date":"2025-04-17T20:30:27","date_gmt":"2025-04-18T00:30:27","guid":{"rendered":"https:\/\/promogolfball.com\/?post_type=product&#038;p=16595"},"modified":"2026-01-07T17:00:41","modified_gmt":"2026-01-07T22:00:41","slug":"balles-de-golf-personnalisees-srixon-soft-feel-lady-passion-pink","status":"publish","type":"product","link":"https:\/\/promogolfball.com\/fr\/produit\/balles-de-golf-personnalisees-srixon-soft-feel-lady-passion-pink","title":{"rendered":"Balles de golf Personnalis\u00e9es Srixon Soft Feel Lady Passion Pink"},"content":{"rendered":"<div class=\"tabs product-tabs-title\" data-scrollbar-slider=\"\" data-scrollbar=\"\">Si la sensation compte le plus pour vous, jouez avec les SOFT FEEL pour des performances globales ultimes. Avec SOFT FEEL, vous ressentirez un impact solide mais confortable \u00e0 chaque swing, tandis que notre noyau FastLayer premium cr\u00e9e des vitesses de balle impressionnantes pour une distance am\u00e9lior\u00e9e. Profitez des avantages des deux mondes avec SOFT FEEL.<\/div>\n<div class=\"overlap__item chevauchement__text palette--light bg--accent\">\n<div class=\"overlap__content__wrapper\">\n<h2 class=\"h3\">NOYAU FASTLAYER<\/h2>\n<div class=\"rte-setting section--rte chevauchement__rte\">\n<p>SOFT FEEL est dot\u00e9 de la technologie FastLayer Core de Srixon, la m\u00eame technologie de base utilis\u00e9e dans toutes nos balles de golf haut de gamme. Le noyau FastLayer de formule unique de SOFT FEEL passe progressivement d&rsquo;un noyau interne souple \u00e0 un bord ext\u00e9rieur ferme, de sorte qu&rsquo;il se comporte comme un noyau compos\u00e9 de milliers de couches.<\/p>\n<p>Ses couches int\u00e9rieures plus douces offrent une sensation exceptionnelle, tout en r\u00e9duisant consid\u00e9rablement l&rsquo;effet lat\u00e9ral sur les longues parties. Ses couches ext\u00e9rieures plus fermes offrent une r\u00e9silience accrue, l&rsquo;aidant \u00e0 rebondir plus rapidement sur la face apr\u00e8s l&rsquo;impact pour plus de vitesse de balle et une plus grande distance.<\/p>\n<div class=\"overlap__item chevauchement__text palette--light bg--accent\">\n<div class=\"overlap__content__wrapper\">\n<h2 class=\"h3\">MOTIF SPEED DIMPLE\u2122<\/h2>\n<div class=\"rte-setting section--rte chevauchement__rte\">\n<p>Con\u00e7u avec la combinaison \u00e9prouv\u00e9e de Srixon d&rsquo;uniformit\u00e9 et d&rsquo;occupation des fossettes, le mod\u00e8le 338 SPEED DIMPLE\u2122 am\u00e9liore les performances de vol de la balle avec les drivers, les bois et les fers en r\u00e9duisant la tra\u00een\u00e9e et en augmentant la portance.<\/p>\n<div class=\"overlap__item chevauchement__text palette--light bg--accent\">\n<div class=\"overlap__content__wrapper\">\n<h2 class=\"h3\">TRA\u00ceN\u00c9E INF\u00c9RIEURE, LEV\u00c9E PLUS \u00c9LEV\u00c9E<\/h2>\n<div class=\"rte-setting section--rte chevauchement__rte\">\n<p>Un coefficient de tra\u00een\u00e9e plus faible signifie que la balle traverse l&rsquo;air avec moins de r\u00e9sistance pour plus de vitesse et un lancement plus p\u00e9n\u00e9trant. Cette tra\u00een\u00e9e r\u00e9duite lutte \u00e9galement contre le vent, de sorte que vos coups volent plus droit, m\u00eame dans des conditions difficiles. Ensuite, un coefficient de portance plus \u00e9lev\u00e9 pousse la balle tout au long de sa descente, ralentissant sa chute et la for\u00e7ant \u00e0 rester en l&rsquo;air plus longtemps pour une distance maximis\u00e9e.<\/p>\n<div class=\"overlap__item chevauchement__text palette--light bg--accent\">\n<div class=\"overlap__content__wrapper\">\n<h2 class=\"h3\">COUVERTURE DOUCE ET MINCE<\/h2>\n<div class=\"rte-setting section--rte chevauchement__rte\">\n<p>Offre plus d&rsquo;effets au bord du green et une sensation plus douce sur tous les lancers, chips et putts.<\/p>\n<p><img src=\"https:\/\/cdn.shopify.com\/s\/files\/1\/0800\/0264\/6304\/files\/Table_480x480.jpg?v=1698960040\" alt=\"\" title=\"\"><\/p>\n<\/div>\n<\/div>\n<\/div>\n<\/div>\n<\/div>\n<\/div>\n<\/div>\n<\/div>\n<\/div>\n<\/div>\n<\/div>\n<\/div>\n","protected":false},"excerpt":{"rendered":"<p>Si la sensation compte le plus pour vous, jouez avec les SOFT FEEL pour des performances globales ultimes. Avec SOFT&#8230;<\/p>\n","protected":false},"featured_media":16666,"template":"","meta":[],"product_brand":[],"product_cat":[91,130],"product_tag":[],"berocket_brand":[165],"class_list":{"0":"post-16595","1":"product","2":"type-product","3":"status-publish","4":"has-post-thumbnail","6":"product_cat-balles-de-golf-personnalisees","7":"product_cat-produits-srixon","8":"berocket_brand-srixon","10":"first","11":"instock","12":"taxable","13":"shipping-taxable","14":"purchasable","15":"product-type-simple","16":"add-to-wishlist-after_add_to_cart"},"_links":{"self":[{"href":"https:\/\/promogolfball.com\/fr\/wp-json\/wp\/v2\/product\/16595","targetHints":{"allow":["GET"]}}],"collection":[{"href":"https:\/\/promogolfball.com\/fr\/wp-json\/wp\/v2\/product"}],"about":[{"href":"https:\/\/promogolfball.com\/fr\/wp-json\/wp\/v2\/types\/product"}],"version-history":[{"count":0,"href":"https:\/\/promogolfball.com\/fr\/wp-json\/wp\/v2\/product\/16595\/revisions"}],"wp:featuredmedia":[{"embeddable":true,"href":"https:\/\/promogolfball.com\/fr\/wp-json\/wp\/v2\/media\/16666"}],"wp:attachment":[{"href":"https:\/\/promogolfball.com\/fr\/wp-json\/wp\/v2\/media?parent=16595"}],"wp:term":[{"taxonomy":"product_brand","embeddable":true,"href":"https:\/\/promogolfball.com\/fr\/wp-json\/wp\/v2\/product_brand?post=16595"},{"taxonomy":"product_cat","embeddable":true,"href":"https:\/\/promogolfball.com\/fr\/wp-json\/wp\/v2\/product_cat?post=16595"},{"taxonomy":"product_tag","embeddable":true,"href":"https:\/\/promogolfball.com\/fr\/wp-json\/wp\/v2\/product_tag?post=16595"},{"taxonomy":"berocket_brand","embeddable":true,"href":"https:\/\/promogolfball.com\/fr\/wp-json\/wp\/v2\/berocket_brand?post=16595"}],"curies":[{"name":"wp","href":"https:\/\/api.w.org\/{rel}","templated":true}]}}