{"id":16439,"date":"2025-04-07T13:41:05","date_gmt":"2025-04-07T17:41:05","guid":{"rendered":"https:\/\/promogolfball.com\/testimonials"},"modified":"2025-04-08T09:05:08","modified_gmt":"2025-04-08T13:05:08","slug":"temoignages","status":"publish","type":"page","link":"https:\/\/promogolfball.com\/fr\/temoignages","title":{"rendered":"T\u00e9moignages"},"content":{"rendered":"\t\t<div data-elementor-type=\"wp-page\" data-elementor-id=\"16439\" class=\"elementor elementor-16439 elementor-16324\" data-elementor-post-type=\"page\">\n\t\t\t\t<div class=\"elementor-element elementor-element-d9f3945 thegem-e-con-layout-thegem e-flex e-con-boxed e-con e-parent\" data-id=\"d9f3945\" data-element_type=\"container\" data-settings=\"{&quot;background_background&quot;:&quot;gradient&quot;,&quot;shape_divider_bottom&quot;:&quot;tilt&quot;,&quot;thegem_container_layout&quot;:&quot;thegem&quot;}\">\r\n\t\t\t\t\t<div class=\"e-con-inner\">\r\n\t\t\t\t<div class=\"elementor-shape elementor-shape-bottom\" aria-hidden=\"true\" data-negative=\"false\">\n\t\t\t<svg xmlns=\"http:\/\/www.w3.org\/2000\/svg\" viewBox=\"0 0 1000 100\" preserveAspectRatio=\"none\">\n\t<path class=\"elementor-shape-fill\" d=\"M0,6V0h1000v100L0,6z\"\/>\n<\/svg>\t\t<\/div>\n\t\t<div class=\"elementor-element elementor-element-f1322d4 e-con-full thegem-e-con-layout-thegem e-flex e-con e-child\" data-id=\"f1322d4\" data-element_type=\"container\" data-settings=\"{&quot;thegem_container_layout&quot;:&quot;thegem&quot;}\">\r\n\t\t<div class=\"elementor-element elementor-element-b6dfb53 e-con-full thegem-e-con-layout-thegem e-flex e-con e-child\" data-id=\"b6dfb53\" data-element_type=\"container\" data-settings=\"{&quot;thegem_container_layout&quot;:&quot;thegem&quot;}\">\r\n\t\t<div class=\"elementor-element elementor-element-c33ceb0 e-con-full thegem-e-con-layout-thegem e-flex e-con e-child\" data-id=\"c33ceb0\" data-element_type=\"container\" data-settings=\"{&quot;thegem_container_layout&quot;:&quot;thegem&quot;}\">\r\n\t\t\t\t<div class=\"elementor-element elementor-element-4fc78c7 elementor-widget-divider--view-line flex-horizontal-align-default flex-horizontal-align-tablet-default flex-horizontal-align-mobile-default flex-vertical-align-default flex-vertical-align-tablet-default flex-vertical-align-mobile-default elementor-widget elementor-widget-divider\" data-id=\"4fc78c7\" data-element_type=\"widget\" data-widget_type=\"divider.default\">\n\t\t\t\t<div class=\"elementor-widget-container\">\n\t\t\t\t\t\t\t<div class=\"elementor-divider\">\n\t\t\t<span class=\"elementor-divider-separator\">\n\t\t\t\t\t\t<\/span>\n\t\t<\/div>\n\t\t\t\t\t\t<\/div>\n\t\t\t\t<\/div>\n\t\t\t\t<div class=\"elementor-element elementor-element-e462f61 elementor-widget__width-initial flex-horizontal-align-default flex-horizontal-align-tablet-default flex-horizontal-align-mobile-default flex-vertical-align-default flex-vertical-align-tablet-default flex-vertical-align-mobile-default elementor-widget elementor-widget-heading\" data-id=\"e462f61\" data-element_type=\"widget\" data-widget_type=\"heading.default\">\n\t\t\t\t<div class=\"elementor-widget-container\">\n\t\t\t\t\t<h1 class=\"elementor-heading-title elementor-size-default\">T\u00e9moignages<\/h1>\t\t\t\t<\/div>\n\t\t\t\t<\/div>\n\t\t\t\t<\/div>\n\t\t\t\t<\/div>\n\t\t\t\t<\/div>\n\t\t\t\t\t<\/div>\n\t\t\t\t<\/div>\n\t\t<div class=\"elementor-element elementor-element-d1ba36d thegem-e-con-layout-thegem e-flex e-con-boxed e-con e-parent\" data-id=\"d1ba36d\" data-element_type=\"container\" data-settings=\"{&quot;thegem_container_layout&quot;:&quot;thegem&quot;}\">\r\n\t\t\t\t\t<div class=\"e-con-inner\">\r\n\t\t\t\t<div class=\"elementor-element elementor-element-fb199dc flex-horizontal-align-default flex-horizontal-align-tablet-default flex-horizontal-align-mobile-default flex-vertical-align-default flex-vertical-align-tablet-default flex-vertical-align-mobile-default elementor-widget elementor-widget-shortcode\" data-id=\"fb199dc\" data-element_type=\"widget\" data-widget_type=\"shortcode.default\">\n\t\t\t\t<div class=\"elementor-widget-container\">\n\t\t\t\t\t\t\t<div class=\"elementor-shortcode\"><style id=\"sp_testimonial_dynamic_css16358\">#sp-testimonial-pro-16358.sp-testimonial-pro-section .sp-testimonial-pro-item{margin-bottom: 20px;}#sp-testimonial-pro-16358.sp-testimonial-pro-section.sp_testimonial_pro_filter .sp-tpro-filter,#sp-testimonial-pro-wrapper-16358 .sp-testimonial-live-filter{text-align: center;}#sp-testimonial-pro-wrapper-16358 .sp-testimonial-inline-filter{justify-content: center;}#sp-testimonial-pro-16358.sp-testimonial-pro-section.sp_testimonial_pro_filter ul.sp-tpro-items-filter,#sp-testimonial-pro-wrapper-16358 .testimonial-ajax-live-filter,#sp-testimonial-pro-wrapper-16358 .filters-button-group.testimonial-ajax-live-filter{margin: 0px 0px 24px 0px;white-space: normal;}#sp-testimonial-pro-16358.sp-testimonial-pro-section.sp_testimonial_pro_filter ul.sp-tpro-items-filter li a,#sp-testimonial-pro-wrapper-16358 .sp-testimonial-live-filter .button-group.filters-button-group button{color: #7e7e7e;border: 2px solid #aeaeae;background: #ffffff;font-size: 15px;line-height: 24px;text-transform: none;letter-spacing: 0px;text-align: center;}#sp-testimonial-pro-16358.sp-testimonial-pro-section.sp_testimonial_pro_filter ul.sp-tpro-items-filter li a.active,#sp-testimonial-pro-wrapper-16358 .sp-testimonial-live-filter .button-group.filters-button-group button.is-checked{color: #ffffff;background: #1595CE;border-color: #1595CE;}#sp-testimonial-pro-wrapper-16358 .sp-testimonial-live-filter .filterSelect,#sp-testimonial-pro-wrapper-16358 .sp-testimonial-live-filter .sp-testimonial-select-dropdown-button{color: #ffffff;border: 2px solid #aeaeae;border-color: #1595CE;}#sp-testimonial-pro-wrapper-16358 .sp-testimonial-live-filter .sp-testimonial-select-dropdown-button{color: #7e7e7e;}#sp-testimonial-pro-wrapper-16358 .sp-testimonial-live-filter .filterSelect option {color: #7e7e7e;border: 2px solid #aeaeae;background-color: #ffffff;}#sp-testimonial-pro-16358.sp-testimonial-pro-section a.tpro-read-more{color: #0b1531;text-decoration: none;}#sp-testimonial-pro-16358.sp-testimonial-pro-section a.tpro-read-more:hover{color: rgba(11,21,49,0.6);}.sp-tpro-modal-testimonial-16358.remodal.sp-tpro-modal-testimonial{background: #ffffff}#sp-testimonial-pro-16358.sp-testimonial-pro-section .sp-testimonial-pro-item:not(.swiper-slide){padding-right:20px; } #sp-testimonial-pro-16358.sp-testimonial-pro-section .sp-tpro-items{ margin-right:-20px;width: calc( 100% + 20px );}#sp-testimonial-pro-16358.sp-testimonial-pro-section .swiper-slide.sp-testimonial-pro-item{ padding-bottom:20px; }#sp-testimonial-pro-16358.sp-testimonial-pro-section:not(.sp-testimonial-fade-carousel) .swiper-slide:not(.sp-testimonial-pro-item) { margin-bottom: -20px; }#sp-testimonial-pro-16358.sp-testimonial-pro-section .swiper-slide .sp-testimonial-pro-item:last-child{padding-right: 0; }#sp-testimonial-pro-16358.sp-testimonial-pro-section .tpro-testimonial-title{margin: 0px 0px 18px 0px;}#sp-testimonial-pro-16358.sp-testimonial-pro-section .tpro-testimonial-title .sp-tpro-testimonial-title{color: #333333;font-size: 20px;line-height: 30px;text-transform: none;letter-spacing: 0px;text-align: center;padding: 0;margin: 0;}.sp-tpro-modal-testimonial-16358.sp-tpro-modal-testimonial .tpro-testimonial-title .sp-tpro-testimonial-title{color: #444444; text-align: center;font-size: 20px;line-height: 30px;text-transform: none;letter-spacing: 0px;padding: 0;margin: 0;}#sp-testimonial-pro-16358.sp-testimonial-pro-section .tpro-client-testimonial{color: #333333;font-size: 18px;line-height: 26px;text-transform: none;letter-spacing: 0px;text-align: center;margin: 0px 0px 20px 0px;}#sp-testimonial-pro-16358.sp-testimonial-pro-section .tpro-client-testimonial p{font-size: 18px;}.sp-tpro-modal-testimonial-16358.sp-tpro-modal-testimonial .tpro-client-testimonial{color: #444444; text-align: center;font-size: 18px;line-height: 26px;text-transform: none;letter-spacing: 0px;}#sp-testimonial-pro-16358.sp-testimonial-pro-section .tpro-client-name{color: #333333;font-size: 16px;line-height: 24px;text-transform: none;letter-spacing: 0px;text-align: center;margin: 0px 0px 8px 0px;}.sp-tpro-modal-testimonial-16358.sp-tpro-modal-testimonial .tpro-client-name{color: #444444; text-align: center;font-size: 16px;line-height: 24px;text-transform: none;letter-spacing: 0px;}.sp-tpro-modal-testimonial-16358.sp-tpro-modal-testimonial .tpro-client-rating,#sp-testimonial-pro-16358.sp-testimonial-pro-section .tpro-client-rating{margin: 0px 0px 6px 0px;text-align: center;color: #ffb900;}.sp-tpro-modal-testimonial-16358.sp-tpro-modal-testimonial .tpro-client-rating .sptpro-empty-rating,#sp-testimonial-pro-16358.sp-testimonial-pro-section .tpro-client-rating .sptpro-empty-rating{color: #bbc2c7;}#sp-testimonial-pro-16358.sp-testimonial-pro-section .tpro-client-rating i,.sp-tpro-modal-testimonial-16358.sp-tpro-modal-testimonial .tpro-client-rating i {font-size: 19px;margin-right: 2px;}.sp-tpro-modal-testimonial-16358.sp-tpro-modal-testimonial .tpro-client-rating i:before,#sp-testimonial-pro-16358.sp-testimonial-pro-section .tpro-client-rating i:before{margin: 0;}#sp-testimonial-pro-16358.sp-testimonial-pro-section .tpro-client-designation-company{color: #444444;font-size: 16px;line-height: 24px;text-transform: none;letter-spacing: 0px;text-align: center;margin: 0px 0px 8px 0px;}.sp-tpro-modal-testimonial-16358.sp-tpro-modal-testimonial .tpro-client-designation-company{color: #444444; text-align: center;font-size: 16px;line-height: 24px;text-transform: none;letter-spacing: 0px;}#sp-testimonial-pro-16358.sp-testimonial-pro-section .tpro-client-company-image{text-align: center;}#sp-testimonial-pro-16358.sp-testimonial-pro-section .tpro-client-location{color: #444444;font-size: 15px;line-height: 20px;text-transform: none;letter-spacing: 0px;text-align: center;margin: 0px 0px 5px 0px;}.sp-tpro-modal-testimonial-16358.sp-tpro-modal-testimonial .tpro-client-location{color: #444444; text-align: center;font-size: 15px;line-height: 20px;text-transform: none;letter-spacing: 0px;}#sp-testimonial-pro-16358.sp-testimonial-pro-section .tpro-client-phone{color: #444444;font-size: 15px;line-height: 20px;text-transform: none;letter-spacing: 0px;text-align: center;margin: 0px 0px 3px 0px;}.sp-tpro-modal-testimonial-16358.sp-tpro-modal-testimonial .tpro-client-phone{color: #444444; text-align: center;font-size: 15px;line-height: 20px;text-transform: none;letter-spacing: 0px;}#sp-testimonial-pro-16358.sp-testimonial-pro-section .tpro-client-email{color: #444444;font-size: 15px;line-height: 20px;text-transform: none;letter-spacing: 0px;text-align: center;margin: 0px 0px 5px 0px;}.sp-tpro-modal-testimonial-16358.sp-tpro-modal-testimonial .tpro-client-email{color: #444444; text-align: center;font-size: 15px;line-height: 20px;text-transform: none;letter-spacing: 0px;}#sp-testimonial-pro-16358.sp-testimonial-pro-section .tpro-client-website{color: #444444;font-size: 14px;line-height: 20px;text-transform: none;letter-spacing: 0px;text-align: center;margin: 0px 0px 6px 0px;}.sp-tpro-modal-testimonial-16358.sp-tpro-modal-testimonial .tpro-client-website{color: #444444; text-align: center;font-size: 14px;line-height: 20px;text-transform: none;letter-spacing: 0px;}#sp-testimonial-pro-16358.sp-testimonial-pro-section .sp-testimonial-pro {box-shadow: 00px 0px 6px 0px #ededed;margin: 10px;position: relative;}#sp-testimonial-pro-16358.sp-testimonial-pro-section .sp-testimonial-pro:hover {box-shadow: 0px 0px 6px 0px #dddddd;}#sp-testimonial-pro-16358.sp-testimonial-pro-section .sp-testimonial-pro{border: 1px solid #e3e3e3;background: #ffffff;padding: 22px 22px 22px 22px;border-radius: 0px;}#sp-testimonial-pro-wrapper-16358 .sp-testimonial-pro-section .page-load-status,#sp-testimonial-pro-wrapper-16358 .sp-testimonial-pro-section .testimonial_page_load_status_alignment,#sp-testimonial-pro-wrapper-16358 .sp-testimonial-pro-section .tpro-items-load-more,#sp-testimonial-pro-wrapper-16358 .sp-testimonial-pro-section .sp-testimonial-ajax-pagination,#sp-testimonial-pro-wrapper-16358 .sp-testimonial-pro-section .sp-tpro-pagination-area { text-align: center;}#sp-testimonial-pro-wrapper-16358 .sp-testimonial-pro-section .tpro-items-load-more,#sp-testimonial-pro-wrapper-16358 .sp-testimonial-pro-section .sp-testimonial-ajax-pagination,#sp-testimonial-pro-wrapper-16358 .sp-testimonial-pro-section ul.sp-tpro-pagination { margin: 20px 0px 20px 0px;}#sp-testimonial-pro-wrapper-16358 .sp-testimonial-pro-section .tpro-items-load-more span,#sp-testimonial-pro-wrapper-16358 .sp-testimonial-pro-section ul.sp-tpro-pagination li a,#sp-testimonial-pro-wrapper-16358 .sp-testimonial-pro-section .sp-testimonial-ajax-pagination a,#sp-testimonial-pro-wrapper-16358 .sp-testimonial-pro-section ul.sp-tpro-pagination li span { color: #5e5e5e; background: #ffffff; border: 2px solid #bbbbbb;}#sp-testimonial-pro-wrapper-16358 .sp-testimonial-pro-section .tpro-items-load-more span:hover ,#sp-testimonial-pro-wrapper-16358 .sp-testimonial-pro-section ul.sp-tpro-pagination li span.current,#sp-testimonial-pro-wrapper-16358 .sp-testimonial-pro-section .sp-testimonial-ajax-pagination a.current,#sp-testimonial-pro-wrapper-16358 .sp-testimonial-pro-section .sp-testimonial-ajax-pagination a:hover,#sp-testimonial-pro-wrapper-16358 .sp-testimonial-pro-section ul.sp-tpro-pagination li a:hover{ background: #1595CE; color: #ffffff; border-color: #1595CE;}#sp-testimonial-pro-wrapper-16358 .sp-testimonial-pro-section .testimonial_page_load_status_alignment .loader-ellips__dot{background: #1595CE;}<\/style><div id=\"sp-testimonial-pro-wrapper-16358\" class=\"sp-testimonial-pro-wrapper \" data-testimonial-id= \"16358\" data-layout= \"filter\"><div class=\"sp-tpro-rm-config\" data-read_more='{\"testimonial_characters_limit\": 300,\"testimonial_read_more_text\": \"Read More\",\"testimonial_read_less_text\": \"Read Less\",\"testimonial_read_more_ellipsis\": \"[...]\"}'><\/div><div id=\"sp-testimonial-pro-16358\" data-testimonial='{ \"videoIcon\": 1, \"lightboxIcon\": false, \"thumbnailSlider\": false}'data-preloader='' class=\"sp-testimonial-pro-section ajax_load_more sp-testimonial-pro-read-more tpro-readmore-expand-true sp_testimonial_pro_filter tpro-style-theme-five\" data-filter_mode='fitRows'><div class=\"sp-tpro-isotope-items\"><div class=\"sp-testimonial-pro-item tpro-col-xl-3 tpro-col-lg-3 tpro-col-md-2 tpro-col-sm-1 tpro-col-xs-1 post-13911 spt_testimonial type-spt_testimonial status-publish\"><div class=\"sp-testimonial-pro\"><h4 class=\"tpro-client-name\">Laure Chapdelaine<\/h4><div class=\"tpro-client-rating\"><i class=\"sptpro-icon-star_fill\" aria-hidden=\"true\"><\/i><i class=\"sptpro-icon-star_fill\" aria-hidden=\"true\"><\/i><i class=\"sptpro-icon-star_fill\" aria-hidden=\"true\"><\/i><i class=\"sptpro-icon-star_fill\" aria-hidden=\"true\"><\/i><i class=\"sptpro-icon-star-border sptpro-empty-rating\" aria-hidden=\"true\"><\/i><\/div><div class=\"tpro-testimonial-title\"><h3 class=\"sp-tpro-testimonial-title \"><\/h3><\/div><div class=\"tpro-client-testimonial\"><div class=\"tpro-testimonial-text\"><p>Je vais le refaire. Tout le monde a ador\u00e9<\/p><\/div><\/div><\/div> <\/div> <div class=\"sp-testimonial-pro-item tpro-col-xl-3 tpro-col-lg-3 tpro-col-md-2 tpro-col-sm-1 tpro-col-xs-1 post-13990 spt_testimonial type-spt_testimonial status-publish\"><div class=\"sp-testimonial-pro\"><h4 class=\"tpro-client-name\">Yves Granger<\/h4><div class=\"tpro-client-rating\"><i class=\"sptpro-icon-star_fill\" aria-hidden=\"true\"><\/i><i class=\"sptpro-icon-star_fill\" aria-hidden=\"true\"><\/i><i class=\"sptpro-icon-star_fill\" aria-hidden=\"true\"><\/i><i class=\"sptpro-icon-star_fill\" aria-hidden=\"true\"><\/i><i class=\"sptpro-icon-star_fill\" aria-hidden=\"true\"><\/i><\/div><div class=\"tpro-testimonial-title\"><h3 class=\"sp-tpro-testimonial-title \"><\/h3><\/div><div class=\"tpro-client-testimonial\"><div class=\"tpro-testimonial-text\"><p>J&rsquo;ai \u00e9t\u00e9 impressionn\u00e9 par la rapidit\u00e9 de votre service. F\u00e9licitations!<br \/>Yves Granger<\/p><\/div><\/div><\/div> <\/div> <div class=\"sp-testimonial-pro-item tpro-col-xl-3 tpro-col-lg-3 tpro-col-md-2 tpro-col-sm-1 tpro-col-xs-1 post-13972 spt_testimonial type-spt_testimonial status-publish\"><div class=\"sp-testimonial-pro\"><h4 class=\"tpro-client-name\">Yanne Le Corre<\/h4><div class=\"tpro-client-rating\"><i class=\"sptpro-icon-star_fill\" aria-hidden=\"true\"><\/i><i class=\"sptpro-icon-star_fill\" aria-hidden=\"true\"><\/i><i class=\"sptpro-icon-star_fill\" aria-hidden=\"true\"><\/i><i class=\"sptpro-icon-star_fill\" aria-hidden=\"true\"><\/i><i class=\"sptpro-icon-star_fill\" aria-hidden=\"true\"><\/i><\/div><div class=\"tpro-testimonial-title\"><h3 class=\"sp-tpro-testimonial-title \"><\/h3><\/div><div class=\"tpro-client-testimonial\"><div class=\"tpro-testimonial-text\"><p>Mon exp\u00e9rience avec PromoGolfBall est une r\u00e9ussite :<br \/>&#8211; Parfait service \u00e0 la client\u00e8le<br \/>&#8211; Produit haute gamme<br \/>&#8211; Livraison rapide<br \/>J&rsquo;ai re\u00e7u en un rien de temps le produit que je voulais. Je recommande vivement PromoGolfBall \u00e0 tous ceux qui recherchent un produit original et de bonne qualit\u00e9.<br \/>Merci Francis !<\/p><\/div><a href=\"#\" class=\"tpro-read-more\"><\/a><\/div><\/div> <\/div> <div class=\"sp-testimonial-pro-item tpro-col-xl-3 tpro-col-lg-3 tpro-col-md-2 tpro-col-sm-1 tpro-col-xs-1 post-13974 spt_testimonial type-spt_testimonial status-publish\"><div class=\"sp-testimonial-pro\"><h4 class=\"tpro-client-name\">Diane Ouellet<\/h4><div class=\"tpro-client-rating\"><i class=\"sptpro-icon-star_fill\" aria-hidden=\"true\"><\/i><i class=\"sptpro-icon-star_fill\" aria-hidden=\"true\"><\/i><i class=\"sptpro-icon-star_fill\" aria-hidden=\"true\"><\/i><i class=\"sptpro-icon-star_fill\" aria-hidden=\"true\"><\/i><i class=\"sptpro-icon-star_fill\" aria-hidden=\"true\"><\/i><\/div><div class=\"tpro-testimonial-title\"><h3 class=\"sp-tpro-testimonial-title \"><\/h3><\/div><div class=\"tpro-client-testimonial\"><div class=\"tpro-testimonial-text\"><p>Excellent produit. Service ultra rapide. Excellente qualit\u00e9<\/p><\/div><\/div><\/div> <\/div> <div class=\"sp-testimonial-pro-item tpro-col-xl-3 tpro-col-lg-3 tpro-col-md-2 tpro-col-sm-1 tpro-col-xs-1 post-13947 spt_testimonial type-spt_testimonial status-publish\"><div class=\"sp-testimonial-pro\"><h4 class=\"tpro-client-name\">Sylvain Mainville<\/h4><div class=\"tpro-client-rating\"><i class=\"sptpro-icon-star_fill\" aria-hidden=\"true\"><\/i><i class=\"sptpro-icon-star_fill\" aria-hidden=\"true\"><\/i><i class=\"sptpro-icon-star_fill\" aria-hidden=\"true\"><\/i><i class=\"sptpro-icon-star_fill\" aria-hidden=\"true\"><\/i><i class=\"sptpro-icon-star_fill\" aria-hidden=\"true\"><\/i><\/div><div class=\"tpro-testimonial-title\"><h3 class=\"sp-tpro-testimonial-title \"><\/h3><\/div><div class=\"tpro-client-testimonial\"><div class=\"tpro-testimonial-text\"><p>Tr\u00e8s satisfais et je recommande PromoGolfball \u00e0 quiconque. Bonne qualit\u00e9 d&rsquo;impression et service rapide. Seul petit b\u00e9mol, j&rsquo;aurais personnellement orient\u00e9 la photo dans l&rsquo;autre sens question de sym\u00e9trie avec le logo de la balle mais minime comme detail.<\/p><\/div><\/div><\/div> <\/div> <div class=\"sp-testimonial-pro-item tpro-col-xl-3 tpro-col-lg-3 tpro-col-md-2 tpro-col-sm-1 tpro-col-xs-1 post-13943 spt_testimonial type-spt_testimonial status-publish\"><div class=\"sp-testimonial-pro\"><h4 class=\"tpro-client-name\">Marc Rioux<\/h4><div class=\"tpro-client-rating\"><i class=\"sptpro-icon-star_fill\" aria-hidden=\"true\"><\/i><i class=\"sptpro-icon-star_fill\" aria-hidden=\"true\"><\/i><i class=\"sptpro-icon-star_fill\" aria-hidden=\"true\"><\/i><i class=\"sptpro-icon-star_fill\" aria-hidden=\"true\"><\/i><i class=\"sptpro-icon-star_fill\" aria-hidden=\"true\"><\/i><\/div><div class=\"tpro-testimonial-title\"><h3 class=\"sp-tpro-testimonial-title \"><\/h3><\/div><div class=\"tpro-client-testimonial\"><div class=\"tpro-testimonial-text\"><p>Bonne communication personnalis\u00e9e tr\u00e8s appr\u00e9ci\u00e9e.<\/p><\/div><\/div><\/div> <\/div> <div class=\"sp-testimonial-pro-item tpro-col-xl-3 tpro-col-lg-3 tpro-col-md-2 tpro-col-sm-1 tpro-col-xs-1 post-14009 spt_testimonial type-spt_testimonial status-publish\"><div class=\"sp-testimonial-pro\"><h4 class=\"tpro-client-name\">Nicola Prioletta<\/h4><div class=\"tpro-client-rating\"><i class=\"sptpro-icon-star_fill\" aria-hidden=\"true\"><\/i><i class=\"sptpro-icon-star_fill\" aria-hidden=\"true\"><\/i><i class=\"sptpro-icon-star_fill\" aria-hidden=\"true\"><\/i><i class=\"sptpro-icon-star_fill\" aria-hidden=\"true\"><\/i><i class=\"sptpro-icon-star_fill\" aria-hidden=\"true\"><\/i><\/div><div class=\"tpro-testimonial-title\"><h3 class=\"sp-tpro-testimonial-title \"><\/h3><\/div><div class=\"tpro-client-testimonial\"><div class=\"tpro-testimonial-text\"><p>Merci<\/p><\/div><\/div><\/div> <\/div> <div class=\"sp-testimonial-pro-item tpro-col-xl-3 tpro-col-lg-3 tpro-col-md-2 tpro-col-sm-1 tpro-col-xs-1 post-13979 spt_testimonial type-spt_testimonial status-publish\"><div class=\"sp-testimonial-pro\"><h4 class=\"tpro-client-name\">Andre Boisjoli<\/h4><div class=\"tpro-client-rating\"><i class=\"sptpro-icon-star_fill\" aria-hidden=\"true\"><\/i><i class=\"sptpro-icon-star_fill\" aria-hidden=\"true\"><\/i><i class=\"sptpro-icon-star_fill\" aria-hidden=\"true\"><\/i><i class=\"sptpro-icon-star_fill\" aria-hidden=\"true\"><\/i><i class=\"sptpro-icon-star_fill\" aria-hidden=\"true\"><\/i><\/div><div class=\"tpro-testimonial-title\"><h3 class=\"sp-tpro-testimonial-title \"><\/h3><\/div><div class=\"tpro-client-testimonial\"><div class=\"tpro-testimonial-text\"><p>J&rsquo;aimerais avoir ce meme service pour des polos de qualit\u00e9 !!!<\/p><\/div><\/div><\/div> <\/div> <\/div><\/div><\/div><\/div>\n\t\t\t\t\t\t<\/div>\n\t\t\t\t<\/div>\n\t\t\t\t\t<\/div>\n\t\t\t\t<\/div>\n\t\t\t\t<\/div>\n\t\t","protected":false},"excerpt":{"rendered":"<p>T\u00e9moignages<\/p>\n","protected":false},"author":1,"featured_media":3971,"parent":0,"menu_order":0,"comment_status":"closed","ping_status":"closed","template":"page-fullwidth.php","meta":{"footnotes":""},"class_list":["post-16439","page","type-page","status-publish","has-post-thumbnail"],"_links":{"self":[{"href":"https:\/\/promogolfball.com\/fr\/wp-json\/wp\/v2\/pages\/16439","targetHints":{"allow":["GET"]}}],"collection":[{"href":"https:\/\/promogolfball.com\/fr\/wp-json\/wp\/v2\/pages"}],"about":[{"href":"https:\/\/promogolfball.com\/fr\/wp-json\/wp\/v2\/types\/page"}],"author":[{"embeddable":true,"href":"https:\/\/promogolfball.com\/fr\/wp-json\/wp\/v2\/users\/1"}],"replies":[{"embeddable":true,"href":"https:\/\/promogolfball.com\/fr\/wp-json\/wp\/v2\/comments?post=16439"}],"version-history":[{"count":0,"href":"https:\/\/promogolfball.com\/fr\/wp-json\/wp\/v2\/pages\/16439\/revisions"}],"wp:featuredmedia":[{"embeddable":true,"href":"https:\/\/promogolfball.com\/fr\/wp-json\/wp\/v2\/media\/3971"}],"wp:attachment":[{"href":"https:\/\/promogolfball.com\/fr\/wp-json\/wp\/v2\/media?parent=16439"}],"curies":[{"name":"wp","href":"https:\/\/api.w.org\/{rel}","templated":true}]}}